{"id":427,"date":"2023-08-28T09:58:14","date_gmt":"2023-08-28T06:58:14","guid":{"rendered":"https:\/\/tektastrend.com\/?page_id=427"},"modified":"2023-08-28T10:17:44","modified_gmt":"2023-08-28T07:17:44","slug":"about-us","status":"publish","type":"page","link":"https:\/\/tektastrend.com\/tr\/about-us\/","title":{"rendered":"Hakk\u0131m\u0131zda"},"content":{"rendered":"<div data-elementor-type=\"wp-page\" data-elementor-id=\"427\" class=\"elementor elementor-427\" data-elementor-post-type=\"page\">\n\t\t\t\t\t\t<section class=\"elementor-section elementor-top-section elementor-element elementor-element-e12c72e elementor-section-full_width elementor-section-height-default elementor-section-height-default\" data-id=\"e12c72e\" data-element_type=\"section\">\n\t\t\t\t\t\t<div class=\"elementor-container elementor-column-gap-default\">\n\t\t\t\t\t<div class=\"elementor-column elementor-col-100 elementor-top-column elementor-element elementor-element-e506e4c\" data-id=\"e506e4c\" data-element_type=\"column\">\n\t\t\t<div class=\"elementor-widget-wrap elementor-element-populated\">\n\t\t\t\t\t\t<div class=\"elementor-element elementor-element-c5ec93b elementor-widget elementor-widget-heading\" data-id=\"c5ec93b\" data-element_type=\"widget\" data-widget_type=\"heading.default\">\n\t\t\t\t<div class=\"elementor-widget-container\">\n\t\t\t\t\t<h2 class=\"elementor-heading-title elementor-size-default\">Hakk\u0131m\u0131zda<\/h2>\t\t\t\t<\/div>\n\t\t\t\t<\/div>\n\t\t\t\t<div class=\"elementor-element elementor-element-3539b9d elementor-widget elementor-widget-heading\" data-id=\"3539b9d\" data-element_type=\"widget\" data-widget_type=\"heading.default\">\n\t\t\t\t<div class=\"elementor-widget-container\">\n\t\t\t\t\t<h2 class=\"elementor-heading-title elementor-size-default\">As a leading enterprise for 35 years, <b>Tekta\u015f Watches &amp; Jewellery<\/b> is the official representative of prestigious Swiss brands such as <i>Audemars Piguet, Patek Philippe, Chopard, Gucci<\/i> and <i>Caran d\u2019Ache<\/i> in Turkey.<br><br>\nTemsil etti\u011fi l\u00fcks markalar\u0131n uluslararas\u0131 standartlar\u0131na uyan ve bunlar\u0131 uygulayan \u015firket,\n\nsat\u0131\u015f sonras\u0131 b\u00f6l\u00fcm\u00fc i\u00e7erisinde yer alan tam donan\u0131ml\u0131 ve kalifiye saat tamiri ekibiyle m\u00fc\u015fteri hizmetlerini yerel olarak sunmaktad\u0131r. B\u00fct\u00fcn yeni \u00fcr\u00fcnlerin lansman\u0131, d\u00fcnyan\u0131n \u00f6nde gelen kentleriyle birlikte, \u0130stanbul'daki ve \u00fclkemizdeki di\u011fer ma\u011fazalarda ayn\u0131 anda yap\u0131lmaktad\u0131r.<br><br>\nM\u00fc\u015fterilerine saat ve m\u00fccevherde d\u00fcnya trendleri hakk\u0131nda bilgi veren Tekta\u015f Saat\u00e7ilik,\n\nayr\u0131ca tarih, miras, teknik bilgi birikimi, el i\u015f\u00e7ili\u011fi, nadir zanaatlar, teknoloji ve ara\u015ft\u0131rma gibi \u00f6zel konularla da ilgilenmektedir.<br><br>\n<b>Tekta\u015f Watches &amp; Jewellery<\/b> Tekta\u015f Saat\u00e7ilik &amp; M\u00fccevher, ayr\u0131ca \u00e7a\u011fda\u015f sanata ve zanaatlara merak\u0131n\u0131 g\u00f6stermek ve yarat\u0131c\u0131l\u0131\u011f\u0131 desteklemek i\u00e7in uzun y\u0131llard\u0131r sanat\u00e7\u0131larla uluslararas\u0131 ve yerel i\u015fbirlikleri yapmaktad\u0131r. Kurum, d\u00fcnyan\u0131n en sayg\u0131n m\u00fczelerinden biri olan Topkap\u0131 Saray\u0131 M\u00fczesi'nin saat koleksiyonuna sa\u011flad\u0131\u011f\u0131 sponsorlukla ayn\u0131 zamanda \u00fclkenin zengin ge\u00e7mi\u015finin getirdi\u011fi tarihi miras\u0131 da desteklemektedir.<\/h2>\t\t\t\t<\/div>\n\t\t\t\t<\/div>\n\t\t\t\t\t<\/div>\n\t\t<\/div>\n\t\t\t\t\t<\/div>\n\t\t<\/section>\n\t\t\t\t<\/div>","protected":false},"excerpt":{"rendered":"<p>About Us As a leading enterprise for 35 years, Tekta\u015f Watches &amp; Jewellery is the official representative of prestigious Swiss brands such as Audemars Piguet, Patek Philippe, Chopard, Gucci and Caran d\u2019Ache in Turkey. The company respects and applies the international standards of the luxury brands it represents and takes care locally of the customer [&hellip;]<\/p>\n","protected":false},"author":1,"featured_media":0,"parent":0,"menu_order":0,"comment_status":"closed","ping_status":"closed","template":"","meta":{"footnotes":""},"class_list":["post-427","page","type-page","status-publish","hentry"],"_links":{"self":[{"href":"https:\/\/tektastrend.com\/tr\/wp-json\/wp\/v2\/pages\/427","targetHints":{"allow":["GET"]}}],"collection":[{"href":"https:\/\/tektastrend.com\/tr\/wp-json\/wp\/v2\/pages"}],"about":[{"href":"https:\/\/tektastrend.com\/tr\/wp-json\/wp\/v2\/types\/page"}],"author":[{"embeddable":true,"href":"https:\/\/tektastrend.com\/tr\/wp-json\/wp\/v2\/users\/1"}],"replies":[{"embeddable":true,"href":"https:\/\/tektastrend.com\/tr\/wp-json\/wp\/v2\/comments?post=427"}],"version-history":[{"count":0,"href":"https:\/\/tektastrend.com\/tr\/wp-json\/wp\/v2\/pages\/427\/revisions"}],"wp:attachment":[{"href":"https:\/\/tektastrend.com\/tr\/wp-json\/wp\/v2\/media?parent=427"}],"curies":[{"name":"wp","href":"https:\/\/api.w.org\/{rel}","templated":true}]}}