{"id":488,"date":"2023-08-28T11:33:02","date_gmt":"2023-08-28T08:33:02","guid":{"rendered":"https:\/\/tektastrend.com\/?page_id=488"},"modified":"2023-08-28T13:31:09","modified_gmt":"2023-08-28T10:31:09","slug":"cookie-policy","status":"publish","type":"page","link":"https:\/\/tektastrend.com\/tr\/cookie-policy\/","title":{"rendered":"\u00c7EREZ POL\u0130T\u0130KASI"},"content":{"rendered":"<div data-elementor-type=\"wp-page\" data-elementor-id=\"488\" class=\"elementor elementor-488\" data-elementor-post-type=\"page\">\n\t\t\t\t\t\t<section class=\"elementor-section elementor-top-section elementor-element elementor-element-8e83876 elementor-section-boxed elementor-section-height-default elementor-section-height-default\" data-id=\"8e83876\" data-element_type=\"section\">\n\t\t\t\t\t\t<div class=\"elementor-container elementor-column-gap-default\">\n\t\t\t\t\t<div class=\"elementor-column elementor-col-100 elementor-top-column elementor-element elementor-element-68624db\" data-id=\"68624db\" data-element_type=\"column\">\n\t\t\t<div class=\"elementor-widget-wrap elementor-element-populated\">\n\t\t\t\t\t\t<div class=\"elementor-element elementor-element-f86d6ed elementor-widget elementor-widget-heading\" data-id=\"f86d6ed\" data-element_type=\"widget\" data-widget_type=\"heading.default\">\n\t\t\t\t<div class=\"elementor-widget-container\">\n\t\t\t\t\t<h2 class=\"elementor-heading-title elementor-size-default\">\u00c7EREZ POL\u0130T\u0130KASI<\/h2>\t\t\t\t<\/div>\n\t\t\t\t<\/div>\n\t\t\t\t\t<\/div>\n\t\t<\/div>\n\t\t\t\t\t<\/div>\n\t\t<\/section>\n\t\t\t\t<section class=\"elementor-section elementor-top-section elementor-element elementor-element-e438bde elementor-section-boxed elementor-section-height-default elementor-section-height-default\" data-id=\"e438bde\" data-element_type=\"section\">\n\t\t\t\t\t\t<div class=\"elementor-container elementor-column-gap-default\">\n\t\t\t\t\t<div class=\"elementor-column elementor-col-100 elementor-top-column elementor-element elementor-element-4a12273\" data-id=\"4a12273\" data-element_type=\"column\">\n\t\t\t<div class=\"elementor-widget-wrap elementor-element-populated\">\n\t\t\t\t\t\t<div class=\"elementor-element elementor-element-335f296 elementor-widget elementor-widget-heading\" data-id=\"335f296\" data-element_type=\"widget\" data-widget_type=\"heading.default\">\n\t\t\t\t<div class=\"elementor-widget-container\">\n\t\t\t\t\t<h2 class=\"elementor-heading-title elementor-size-medium\"><span data-elementor-setting-key=\"title\" data-pen-placeholder=\"Type Here...\" style=\"text-align: center\">TEKTA\u015e \u0130NTERNET S\u0130TES\u0130 KULLANIMI KAPSAMINDA\n\u00c7EREZ B\u0130LG\u0130LEND\u0130RME METN\u0130<\/span><\/h2>\t\t\t\t<\/div>\n\t\t\t\t<\/div>\n\t\t\t\t\t<\/div>\n\t\t<\/div>\n\t\t\t\t\t<\/div>\n\t\t<\/section>\n\t\t\t\t<section class=\"elementor-section elementor-top-section elementor-element elementor-element-194d11b elementor-section-boxed elementor-section-height-default elementor-section-height-default\" data-id=\"194d11b\" data-element_type=\"section\">\n\t\t\t\t\t\t<div class=\"elementor-container elementor-column-gap-default\">\n\t\t\t\t\t<div class=\"elementor-column elementor-col-100 elementor-top-column elementor-element elementor-element-a558961\" data-id=\"a558961\" data-element_type=\"column\">\n\t\t\t<div class=\"elementor-widget-wrap\">\n\t\t\t\t\t\t\t<\/div>\n\t\t<\/div>\n\t\t\t\t\t<\/div>\n\t\t<\/section>\n\t\t\t\t<section class=\"elementor-section elementor-top-section elementor-element elementor-element-426381f elementor-section-boxed elementor-section-height-default elementor-section-height-default\" data-id=\"426381f\" data-element_type=\"section\">\n\t\t\t\t\t\t<div class=\"elementor-container elementor-column-gap-default\">\n\t\t\t\t\t<div class=\"elementor-column elementor-col-100 elementor-top-column elementor-element elementor-element-3d36d4d\" data-id=\"3d36d4d\" data-element_type=\"column\">\n\t\t\t<div class=\"elementor-widget-wrap elementor-element-populated\">\n\t\t\t\t\t\t<div class=\"elementor-element elementor-element-821b925 elementor-widget elementor-widget-accordion\" data-id=\"821b925\" data-element_type=\"widget\" data-widget_type=\"accordion.default\">\n\t\t\t\t<div class=\"elementor-widget-container\">\n\t\t\t\t\t\t\t<div class=\"elementor-accordion\">\n\t\t\t\t\t\t\t<div class=\"elementor-accordion-item\">\n\t\t\t\t\t<div id=\"elementor-tab-title-1361\" class=\"elementor-tab-title\" data-tab=\"1\" role=\"button\" aria-controls=\"elementor-tab-content-1361\" aria-expanded=\"false\">\n\t\t\t\t\t\t\t\t\t\t\t\t\t<span class=\"elementor-accordion-icon elementor-accordion-icon-left\" aria-hidden=\"true\">\n\t\t\t\t\t\t\t\t\t\t\t\t\t\t\t<span class=\"elementor-accordion-icon-closed\"><i class=\"fas fa-plus\"><\/i><\/span>\n\t\t\t\t\t\t\t\t<span class=\"elementor-accordion-icon-opened\"><i class=\"fas fa-minus\"><\/i><\/span>\n\t\t\t\t\t\t\t\t\t\t\t\t\t\t<\/span>\n\t\t\t\t\t\t\t\t\t\t\t\t<a class=\"elementor-accordion-title\" tabindex=\"0\">\u00c7EREZ B\u0130LG\u0130LEND\u0130RME METN\u0130<\/a>\n\t\t\t\t\t<\/div>\n\t\t\t\t\t<div id=\"elementor-tab-content-1361\" class=\"elementor-tab-content elementor-clearfix\" data-tab=\"1\" role=\"region\" aria-labelledby=\"elementor-tab-title-1361\"><p>TEKTA\u015e SAAT\u00c7\u0130L\u0130K VE AKSESUAR T\u0130CARET A.\u015e. (VKN: 8360054079) (\u201cTEKTA\u015e\u201d veya \u201c\u015eirket\u201d) olarak, siz https:\/\/www.tektastrend.com\/ (\u201cPlatform\u201d) ziyaret\u00e7ilerimize ait ki\u015fisel verilerin 6698 say\u0131l\u0131 Ki\u015fisel Verilerin Korunmas\u0131 Kanunu ve ikincil d\u00fczenlemelerine (\u201cKi\u015fisel verilerin korunmas\u0131 mevzuat\u0131\u201d) uygun olarak i\u015flenmesi ve korunmas\u0131 i\u00e7in azami hassasiyeti g\u00f6stermekteyiz. \u015eirketimizin Ki\u015fisel Verilerin Korunmas\u0131 mevzuat\u0131ndan do\u011fan ayd\u0131nlatma y\u00fck\u00fcml\u00fcl\u00fc\u011f\u00fc kapsam\u0131nda sizleri, i\u015fbu \u201c\u0130nternet Sitesi \u00c7erez Kullan\u0131m\u0131 Hakk\u0131nda Bilgilendirme Metni\u201d ile internet sitemizin operasyonu kapsam\u0131nda kullan\u0131lan \u00e7erezler ve bu vas\u0131tayla i\u015flenen ki\u015fisel verileriniz hakk\u0131nda bilgilendirmek isteriz.<\/p><p>Hangi \u00c7erez T\u00fcrlerini Kullanmaktay\u0131z?<\/p><p>\u00c7erezler (cookies) bir internet sitesi taraf\u0131ndan cihaz\u0131n\u0131zda olu\u015fturulan ve isim-de\u011fer format\u0131nda veri bar\u0131nd\u0131ran k\u00fc\u00e7\u00fck metin dosyalar\u0131d\u0131r. Dolay\u0131s\u0131yla, Sitemizi ziyaret etmenizle kulland\u0131\u011f\u0131m\u0131z \u00e7erezler cihaz\u0131n\u0131zda site ziyaretinize ili\u015fkin bilgi saklanmas\u0131n\u0131 ve bu bilgilerin sonraki ziyaretleriniz s\u0131ras\u0131nda kullan\u0131lmas\u0131n\u0131 m\u00fcmk\u00fcn k\u0131lmaktad\u0131r.<\/p><p>Sitemiz taraf\u0131ndan olu\u015fturulan ve sadece Sitemiz taraf\u0131ndan okunabilen \u00e7erezler birincil \u00e7erezlerdir. Sitemizde sunulan i\u00e7erik, eri\u015fim adresindeki alan ad\u0131 d\u0131\u015f\u0131nda ba\u015fka alan adlar\u0131 \u00fczerinden de sa\u011flanmaktad\u0131r. Bu gibi durumda her bir alan ad\u0131 kendine m\u00fcnhas\u0131r \u00fc\u00e7\u00fcnc\u00fc taraf \u00e7erezler yaratmaktad\u0131r.<\/p><p>Sitemizde kulland\u0131\u011f\u0131m\u0131z \u00e7erez t\u00fcrleri ile bu \u00e7erezleri kullan\u0131m ama\u00e7lar\u0131m\u0131z a\u015fa\u011f\u0131daki gibidir:<\/p><p>1. Oturum \u00c7erezleri: \u0130nternet sitesini kullan\u0131m\u0131n\u0131z s\u0131ras\u0131nda ge\u00e7erli olan \u00e7erezler olup web taray\u0131c\u0131 kapat\u0131l\u0131ncaya kadar ge\u00e7erliliklerini korurlar.<\/p><p>2. Kal\u0131c\u0131 \u00c7erezler: Taray\u0131c\u0131n\u0131zda saklanan ve taraf\u0131n\u0131zdan silininceye dek veya son kullan\u0131m tarihine kadar ge\u00e7erlili\u011fini koruyan \u00e7erezlerdir. Bu \u00e7erezler taraf\u0131ndan toplanan bilgiler pazarlama ama\u00e7l\u0131 kullan\u0131lamaz. Bu t\u00fcr \u00e7erezlerin kullan\u0131m\u0131na izin verilmezse Platform\u2019un \u00e7e\u015fitli b\u00f6l\u00fcmleri kullan\u0131lamayabilecektir.<\/p><p>3. Zorunlu \u00c7erezler: Internet sitesinin d\u00fczg\u00fcn bir \u015fekilde \u00e7al\u0131\u015fabilmesi, sitenin \u00f6zelliklerinden ve sunulan hizmetlerden yararlanabilmeniz i\u00e7in kullan\u0131m\u0131 mecburi olan \u00e7erezlerdir. Bu \u00e7erezler taraf\u0131ndan toplanan bilgiler pazarlama ama\u00e7l\u0131 kullan\u0131lamaz. Bu t\u00fcr \u00e7erezlerin kullan\u0131m\u0131na izin verilmezse Platform\u2019un \u00e7e\u015fitli b\u00f6l\u00fcmleri kullan\u0131lamayabilecektir.<\/p><p>4. \u0130\u015flevsel ve Analitik \u00c7erezler: Tercihlerinizin hat\u0131rlanmas\u0131, internet sitesinin etkin \u015fekilde kullan\u0131lmas\u0131, sitenin isteklerinize cevap verecek \u015fekilde optimize edilmesi gibi ama\u00e7larla kullan\u0131lan ve siteyi nas\u0131l kulland\u0131\u011f\u0131n\u0131z hakk\u0131nda verileri i\u00e7eren \u00e7erezlerdir. Nitelikleri gere\u011fi bu t\u00fcrdeki \u00e7erezler ki\u015fisel verilerinizi i\u00e7erebilir. \u00d6rne\u011fin sitenin g\u00f6r\u00fcnt\u00fclenme dili tercihinizi kaydeden \u00e7erezler birer i\u015flevsel \u00e7erezdir.<\/p><p>5. Performans \u00c7erezleri: Platform\u2019un geli\u015ftirmesine yard\u0131mc\u0131 olan isimsiz \u00e7erezlerdir. Bu t\u00fcr \u00e7erezler, ziyaret\u00e7ilerin Platform\u2019u nas\u0131l kulland\u0131klar\u0131 hakk\u0131nda bilgiler toplayarak, en \u00e7ok ziyaret edilen sayfalar veya al\u0131nan hatalar\u0131n tespitinde kullan\u0131l\u0131r.<\/p><p>6. Takip \u00c7erezleri: Platform\u2019umuzu ve \u00fc\u00e7\u00fcnc\u00fc taraflara ait alan adlar\u0131n\u0131 ziyaretiniz s\u0131ras\u0131nda olu\u015fturulan birincil ve \u00fc\u00e7\u00fcnc\u00fc taraf \u00e7erezlerdir. Bu \u00e7erezler olu\u015fturulduklar\u0131 alan adlar\u0131ndaki t\u0131klama ve ziyaret ge\u00e7mi\u015finizin takibini ve farkl\u0131 alan adlar\u0131 aras\u0131nda bu kay\u0131tlar\u0131n e\u015flenmesini m\u00fcmk\u00fcn k\u0131lmaktad\u0131r. Bu t\u00fcr \u00e7erezler kullan\u0131c\u0131lar\u0131n tan\u0131nmas\u0131 ve profillenmesi, reklam ve pazarlama faaliyetlerinin hedeflenmesi ve i\u00e7eri\u011fin \u00f6zelle\u015ftirilmesi amac\u0131 ile kullan\u0131lmaktad\u0131r. Bu \u00e7erezler sizin kimli\u011finizi belirlemek veya \u015fahs\u0131n\u0131z \u00f6zelinde karar almak i\u00e7in kullan\u0131lmayacakt\u0131r.<\/p><p><span style=\"color: var( --e-global-color-text ); font-family: var( --e-global-typography-text-font-family ), Sans-serif; font-size: 1rem;\">7. Hedef veya Reklam \u00c7erezleri: Bu t\u00fcr \u00e7erezler, TEKTA\u015e bilgisi do\u011frultusunda genellikle Platform reklam a\u011flar\u0131 taraf\u0131ndan yerle\u015ftirilir. S\u00f6z konusu \u00e7erezlerin kullan\u0131m ama\u00e7lar\u0131; ilgili ve ki\u015fiselle\u015ftirilmi\u015f reklamlar\u0131 g\u00f6stermek, g\u00f6sterilen reklam say\u0131s\u0131n\u0131 s\u0131n\u0131rlamak, reklam kampanyas\u0131n\u0131n etkinli\u011fini \u00f6l\u00e7mek ve ziyaret tercihlerinizi hat\u0131rlamaktan ibarettir.<\/span>Lorem ipsum dolor sit amet, consectetur adipiscing elit. Ut elit tellus, luctus nec ullamcorper mattis, pulvinar dapibus Leo.<\/p><p>Sitemizde kulland\u0131\u011f\u0131m\u0131z \u00fc\u00e7\u00fcnc\u00fc taraf \u00e7erezler ile sizlere daha verimli ve i\u015flevsel bir internet deneyimi sunmay\u0131 ama\u00e7lamaktay\u0131z.  Bu \u00fc\u00e7\u00fcnc\u00fc ki\u015fi hizmet sa\u011flay\u0131c\u0131lar ile \u015eirketimiz aras\u0131nda ki\u015fisel verilerin korunmas\u0131 mevzuat\u0131 uyar\u0131nca Gizlilik S\u00f6zle\u015fmesi akdedilmi\u015f olup bu ki\u015filer taraf\u0131ndan \u015eirketimiz ad\u0131na elde edilen ki\u015fisel verilerinizin g\u00fcvenli\u011fi garanti alt\u0131na al\u0131nm\u0131\u015ft\u0131r.<\/p><p>\u00a0<\/p><\/div>\n\t\t\t\t<\/div>\n\t\t\t\t\t\t\t<div class=\"elementor-accordion-item\">\n\t\t\t\t\t<div id=\"elementor-tab-title-1362\" class=\"elementor-tab-title\" data-tab=\"2\" role=\"button\" aria-controls=\"elementor-tab-content-1362\" aria-expanded=\"false\">\n\t\t\t\t\t\t\t\t\t\t\t\t\t<span class=\"elementor-accordion-icon elementor-accordion-icon-left\" aria-hidden=\"true\">\n\t\t\t\t\t\t\t\t\t\t\t\t\t\t\t<span class=\"elementor-accordion-icon-closed\"><i class=\"fas fa-plus\"><\/i><\/span>\n\t\t\t\t\t\t\t\t<span class=\"elementor-accordion-icon-opened\"><i class=\"fas fa-minus\"><\/i><\/span>\n\t\t\t\t\t\t\t\t\t\t\t\t\t\t<\/span>\n\t\t\t\t\t\t\t\t\t\t\t\t<a class=\"elementor-accordion-title\" tabindex=\"0\">Purposes and Legal Reasons for Processing Cookies<\/a>\n\t\t\t\t\t<\/div>\n\t\t\t\t\t<div id=\"elementor-tab-content-1362\" class=\"elementor-tab-content elementor-clearfix\" data-tab=\"2\" role=\"region\" aria-labelledby=\"elementor-tab-title-1362\"><p>\u00c7erezler; Platform\u2019un \u00e7al\u0131\u015fmas\u0131 i\u00e7in gerekli temel fonksiyonlar\u0131 ger\u00e7ekle\u015ftirmek (\u00f6rne\u011fin olmas\u0131 durumunda oturum a\u00e7an \u00fcyelerin Platform\u2019da farkl\u0131 sayfalar\u0131 ziyaret ederken tekrar \u015fifre girmelerine gerek kalmamas\u0131), Platform\u2019u analiz etmek ve Platform\u2019un performans\u0131n\u0131 artt\u0131rmak (\u00f6rne\u011fin olmas\u0131 durumunda Platform\u2019un \u00fczerinde \u00e7al\u0131\u015ft\u0131\u011f\u0131 farkl\u0131 sunucular\u0131n entegrasyonu, Platform\u2019u ziyaret edenlerin say\u0131s\u0131n\u0131n tespit edilmesi ve buna g\u00f6re performans ayarlar\u0131n\u0131n yap\u0131lmas\u0131 ya da ziyaret\u00e7ilerin arad\u0131klar\u0131n\u0131 bulmalar\u0131n\u0131n kolayla\u015ft\u0131r\u0131lmas\u0131), Platform\u2019un i\u015flevselli\u011fini artt\u0131rmak ve kullan\u0131m kolayl\u0131\u011f\u0131 sa\u011flamak (\u00f6rne\u011fin olmas\u0131 durumunda, Platform \u00fczerinden \u00fc\u00e7\u00fcnc\u00fc taraf sosyal medya mecralar\u0131na payla\u015f\u0131mda bulunmak, Platform\u2019u ziyaret eden ziyaret\u00e7inin daha sonraki ziyaretinde kullan\u0131c\u0131 ad\u0131 bilgisinin ya da arama sorgular\u0131n\u0131n hat\u0131rlanmas\u0131) ile ki\u015fiselle\u015ftirme, hedefleme ve reklamc\u0131l\u0131k faaliyeti ger\u00e7ekle\u015ftirmek (\u00f6rne\u011fin olmas\u0131 durumunda, ziyaret\u00e7ilerin g\u00f6r\u00fcnt\u00fcledikleri sayfa ve \u00fcr\u00fcnler \u00fczerinden ziyaret\u00e7ilerin ilgi alanlar\u0131yla ba\u011flant\u0131l\u0131 reklam g\u00f6sterilmesi) ama\u00e7lar\u0131yla kullan\u0131lmaktad\u0131r.<\/p><p>\u00a0<\/p><p><span style=\"color: var( --e-global-color-text ); font-family: var( --e-global-typography-text-font-family ), Sans-serif; font-size: 1rem;\">Teknik \u00e7erezler, Platform\u2019un size \u00e7al\u0131\u015f\u0131r bi\u00e7imde sunulabilmesi ad\u0131na 6698 say\u0131l\u0131 Ki\u015fisel Verilerin Korunmas\u0131 Kanunu\u2019nun (\u201cKanun\u201d) m.5\/2\/c bendinde belirtilen \u201cbir s\u00f6zle\u015fmenin kurulmas\u0131 veya ifas\u0131 ile do\u011frudan do\u011fruya ilgili olmas\u0131 kayd\u0131yla, s\u00f6zle\u015fmenin taraflar\u0131na ait ki\u015fisel verilerin i\u015flenmesinin gerekli olmas\u0131\u201d hukuki sebeplerine dayal\u0131 olarak i\u015flenmekte iken di\u011fer \u00e7erezler, Kanun\u2019un m.5\/2\/f bendinde belirtilen \u201cilgili ki\u015finin temel hak ve \u00f6zg\u00fcrl\u00fcklerine zarar vermemek kayd\u0131yla, veri sorumlusunun me\u015fru menfaatleri i\u00e7in veri i\u015flemenin zorunlu olmas\u0131\u201d ve i\u015fbu Politika kapsam\u0131nda nas\u0131l y\u00f6netilece\u011fi aktar\u0131lan \u00e7erez tercihlerinizdeki m.5\/1 f\u0131kras\u0131nda yer alan a\u00e7\u0131k r\u0131za onaylar\u0131n\u0131z hukuki sebeplerine dayal\u0131 olarak i\u015flenmektedir.<\/span>.<\/p><\/div>\n\t\t\t\t<\/div>\n\t\t\t\t\t\t\t<div class=\"elementor-accordion-item\">\n\t\t\t\t\t<div id=\"elementor-tab-title-1363\" class=\"elementor-tab-title\" data-tab=\"3\" role=\"button\" aria-controls=\"elementor-tab-content-1363\" aria-expanded=\"false\">\n\t\t\t\t\t\t\t\t\t\t\t\t\t<span class=\"elementor-accordion-icon elementor-accordion-icon-left\" aria-hidden=\"true\">\n\t\t\t\t\t\t\t\t\t\t\t\t\t\t\t<span class=\"elementor-accordion-icon-closed\"><i class=\"fas fa-plus\"><\/i><\/span>\n\t\t\t\t\t\t\t\t<span class=\"elementor-accordion-icon-opened\"><i class=\"fas fa-minus\"><\/i><\/span>\n\t\t\t\t\t\t\t\t\t\t\t\t\t\t<\/span>\n\t\t\t\t\t\t\t\t\t\t\t\t<a class=\"elementor-accordion-title\" tabindex=\"0\">\u00c7erezlerin Saklanmas\u0131 ve Eri\u015filmesi<\/a>\n\t\t\t\t\t<\/div>\n\t\t\t\t\t<div id=\"elementor-tab-content-1363\" class=\"elementor-tab-content elementor-clearfix\" data-tab=\"3\" role=\"region\" aria-labelledby=\"elementor-tab-title-1363\"><p>Sitemiz taraf\u0131ndan olu\u015fturulan \u00e7erezler Sitemize eri\u015fim i\u00e7in kulland\u0131\u011f\u0131n\u0131z internet sitesi taray\u0131c\u0131n\u0131z taraf\u0131ndan bilgisayar\u0131n\u0131zda saklanmaktad\u0131r. Bu \u00e7erezlerin i\u00e7erdi\u011fi bilgilere sadece \u00e7erezi olu\u015fturan alan ad\u0131 https:\/\/www.tektastrend.com\/ alt\u0131nda sunulan Platform taraf\u0131ndan ve ayn\u0131 taray\u0131c\u0131y\u0131 kulland\u0131\u011f\u0131n\u0131z takdirde uzaktan eri\u015fim m\u00fcmk\u00fcnd\u00fcr.<\/p><\/div>\n\t\t\t\t<\/div>\n\t\t\t\t\t\t\t<div class=\"elementor-accordion-item\">\n\t\t\t\t\t<div id=\"elementor-tab-title-1364\" class=\"elementor-tab-title\" data-tab=\"4\" role=\"button\" aria-controls=\"elementor-tab-content-1364\" aria-expanded=\"false\">\n\t\t\t\t\t\t\t\t\t\t\t\t\t<span class=\"elementor-accordion-icon elementor-accordion-icon-left\" aria-hidden=\"true\">\n\t\t\t\t\t\t\t\t\t\t\t\t\t\t\t<span class=\"elementor-accordion-icon-closed\"><i class=\"fas fa-plus\"><\/i><\/span>\n\t\t\t\t\t\t\t\t<span class=\"elementor-accordion-icon-opened\"><i class=\"fas fa-minus\"><\/i><\/span>\n\t\t\t\t\t\t\t\t\t\t\t\t\t\t<\/span>\n\t\t\t\t\t\t\t\t\t\t\t\t<a class=\"elementor-accordion-title\" tabindex=\"0\">\u00c7erez Y\u00f6netimi ve Kullan\u0131m\u0131<\/a>\n\t\t\t\t\t<\/div>\n\t\t\t\t\t<div id=\"elementor-tab-content-1364\" class=\"elementor-tab-content elementor-clearfix\" data-tab=\"4\" role=\"region\" aria-labelledby=\"elementor-tab-title-1364\"><p>Internet taray\u0131c\u0131lar\u0131n\u0131z genellikle ziyaret etti\u011finiz sitelerde kullan\u0131lan \u00e7erezleri otomatik olarak kabul etmektedir. Internet Sitemizi kullanabilmek i\u00e7in \u00e7erez kullan\u0131m\u0131 zorunlu de\u011fildir, fakat taray\u0131c\u0131n\u0131z\u0131 t\u00fcm \u00e7erezleri engelleyecek \u015fekilde ayarlaman\u0131z halinde kullan\u0131c\u0131 deneyiminizin kalitesi d\u00fc\u015febilir ve Sitemize eri\u015fim sa\u011flaman\u0131z\u0131 ya da Sitemizin \u00e7e\u015fitli i\u015flevlerinden yararlanman\u0131z\u0131 engelleyebilir. \u00d6zellikle teknik \u00e7erezler, Platform\u2019un temel i\u015flevlerini yerine getirebilmesini (\u00f6rne\u011fin Platform\u2019a \u00fcye giri\u015fi yapman\u0131z ad\u0131na girdi\u011finiz bilgilerin TEKTA\u015e internet sunucular\u0131na aktar\u0131larak Platform\u2019a giri\u015finizin sa\u011flanmas\u0131, tercih etmeniz halinde giri\u015f bilgilerinizin kaydedilmesi vb.) sa\u011flamaktad\u0131r. Teknik \u00e7erezler Platform\u2019un teknik olarak \u00e7al\u0131\u015fmas\u0131n\u0131 tesis etti\u011finden bunlar\u0131 kapatman\u0131z halinde Platform\u2019da baz\u0131 fonksiyonlar\u0131n gere\u011fi gibi \u00e7al\u0131\u015fmamas\u0131 s\u00f6z konusu olabilir.<\/p><p>\u00a0<\/p><p>Taray\u0131c\u0131n\u0131z\u0131; \u00e7erezleri t\u00fcm siteler veya belirli siteler i\u00e7in engelleyecek, \u00e7erez olu\u015fturuldu\u011funda uyar\u0131 verecek, \u00fc\u00e7\u00fcnc\u00fc taraf \u00e7erezleri engelleyecek veya t\u00fcm \u00e7erezleri oturum \u00e7erezi gibi sayacak \u015fekilde yap\u0131land\u0131rabilirsiniz. Di\u011fer yandan, taray\u0131c\u0131n\u0131z \u00fczerinden cihaz\u0131n\u0131zda kaydedilen \u00e7erezleri silebilir veya bu \u00e7erezlerin listesini ve de\u011ferlerini g\u00f6rebilir ve takip edebilirsiniz. A\u015fa\u011f\u0131da listelenen taray\u0131c\u0131lardan kullanmakta oldu\u011funuza t\u0131klayarak \u00e7erez y\u00f6netimlerine ili\u015fkin detayl\u0131 bilgi alabilirsiniz.<\/p><p>\u00a0<\/p><p>Internet Explorer: T\u0131klay\u0131n\u0131z<\/p><p>Google Chrome: T\u0131klay\u0131n\u0131z<\/p><p>Mozilla Firefox: T\u0131klay\u0131n\u0131z<\/p><p>Opera: T\u0131klay\u0131n\u0131z<\/p><p><span style=\"color: var( --e-global-color-text ); font-family: var( --e-global-typography-text-font-family ), Sans-serif; font-size: 1rem;\">Safari: T\u0131klay\u0131n\u0131z<\/span>.<\/p><\/div>\n\t\t\t\t<\/div>\n\t\t\t\t\t\t\t<div class=\"elementor-accordion-item\">\n\t\t\t\t\t<div id=\"elementor-tab-title-1365\" class=\"elementor-tab-title\" data-tab=\"5\" role=\"button\" aria-controls=\"elementor-tab-content-1365\" aria-expanded=\"false\">\n\t\t\t\t\t\t\t\t\t\t\t\t\t<span class=\"elementor-accordion-icon elementor-accordion-icon-left\" aria-hidden=\"true\">\n\t\t\t\t\t\t\t\t\t\t\t\t\t\t\t<span class=\"elementor-accordion-icon-closed\"><i class=\"fas fa-plus\"><\/i><\/span>\n\t\t\t\t\t\t\t\t<span class=\"elementor-accordion-icon-opened\"><i class=\"fas fa-minus\"><\/i><\/span>\n\t\t\t\t\t\t\t\t\t\t\t\t\t\t<\/span>\n\t\t\t\t\t\t\t\t\t\t\t\t<a class=\"elementor-accordion-title\" tabindex=\"0\">\u0130laveten;<\/a>\n\t\t\t\t\t<\/div>\n\t\t\t\t\t<div id=\"elementor-tab-content-1365\" class=\"elementor-tab-content elementor-clearfix\" data-tab=\"5\" role=\"region\" aria-labelledby=\"elementor-tab-title-1365\"><p>Google Analytics taraf\u0131ndan y\u00f6netilen \u00c7erezleri kapatmak i\u00e7in t\u0131klay\u0131n\u0131z.<\/p><p>Google taraf\u0131ndan sa\u011flanan ki\u015fiselle\u015ftirilmi\u015f reklam deneyimini y\u00f6netmek i\u00e7in t\u0131klay\u0131n\u0131z.<\/p><p>Bir\u00e7ok firman\u0131n reklam faaliyetleri i\u00e7in kulland\u0131\u011f\u0131 \u00e7erezler bak\u0131m\u0131ndan tercihler Your Online Choices \u00fczerinden y\u00f6netilebilir.<\/p><p>The settings menu of the mobile device can be used to manage Cookies on mobile devices.<\/p><p>\u00c7erezler ile ilgili daha detayl\u0131 bilgi i\u00e7in, https:\/\/www.aboutcookies.org veya https:\/\/www.youronlinechoices.eu\/ adresini ziyaret edebilir ya da \"Privacy Badger\" uygulamas\u0131n\u0131 kullanabilirsiniz (https:\/\/www.eff.org\/tr\/privacybadger).<\/p><p>TEKTA\u015e, \u00e7erezleri Politika\u2019ya ek olarak Ayd\u0131nlatma Metni kapsam\u0131nda kullanmakta olup \u00e7erezlerle ilgili kullan\u0131m \u015fartlar\u0131n\u0131 ve \u00c7erez Politikas\u0131n\u0131 de\u011fi\u015ftirme hakk\u0131n\u0131 sakl\u0131 tutmaktad\u0131r.<\/p><p>\u00a0<\/p><p>Security of Your Personal Data<\/p><p>\u00c7erezler i\u015fbu \u00c7erez Bilgilendirme Metni\u2019nde belirtilen ama\u00e7lar d\u0131\u015f\u0131nda kullan\u0131lmamakta olup t\u00fcm ilgili i\u015flemler ki\u015fisel verilerin korunmas\u0131 mevzuat\u0131na uygun olarak y\u00fcr\u00fct\u00fclmektedir. \u00c7erezler vas\u0131tas\u0131yla elde edilen ki\u015fisel verileriniz TEKTA\u015e taraf\u0131ndan ki\u015fisel verilerin korunmas\u0131 mevzuat\u0131na uygun olarak i\u015flenmekte, saklanmakta ve g\u00fcvenli\u011fi sa\u011flanmaktad\u0131r. \u00c7erez harici ki\u015fisel veri i\u015fleme faaliyetlerine ili\u015fkin olarak l\u00fctfen \u201c\u00dcyelik Faaliyetleri Kapsam\u0131nda Ki\u015fisel Verilerin \u0130\u015flenmesi ve Korunmas\u0131na \u0130li\u015fkin Ayd\u0131nlatma Metni\u201dni inceleyiniz.<\/p><p>\u00a0<\/p><p>Bilgi Edinme Hakk\u0131n\u0131z<\/p><p>Kanun\u2019un \u201cilgili ki\u015finin haklar\u0131n\u0131 d\u00fczenleyen\u201d 11 inci maddesi kapsam\u0131ndaki taleplerinizi, \u201cVeri Sorumlusuna Ba\u015fvuru Usul ve Esaslar\u0131 Hakk\u0131nda Tebli\u011f\u201de g\u00f6re TEKTA\u015e\u2019a iletebilirsiniz.<\/p><p>\u00a0<\/p><p><span style=\"color: var( --e-global-color-text ); font-family: var( --e-global-typography-text-font-family ), Sans-serif; font-size: 1rem;\">\u0130\u015fbu \u00c7erez Bilgilendirme Metni, de\u011fi\u015fen s\u00fcre\u00e7lerimiz dolay\u0131s\u0131yla ki\u015fisel verilerin korunmas\u0131 mevzuat\u0131na uyum sa\u011flamak amac\u0131yla g\u00fcncellenebilecektir. Otomatik e-posta g\u00f6nderim listemizde yer al\u0131yorsan\u0131z, g\u00fcncellemelerimiz size e-posta yolu ile bildirilecektir. Otomatik e-posta g\u00f6nderim listemizde yer alm\u0131yor iseniz g\u00fcncellemeler i\u00e7in sitemizi s\u0131k s\u0131k ziyaret etmenizi rica ederiz.<\/span>.<\/p><\/div>\n\t\t\t\t<\/div>\n\t\t\t\t\t\t\t\t<\/div>\n\t\t\t\t\t\t<\/div>\n\t\t\t\t<\/div>\n\t\t\t\t\t<\/div>\n\t\t<\/div>\n\t\t\t\t\t<\/div>\n\t\t<\/section>\n\t\t\t\t<\/div>","protected":false},"excerpt":{"rendered":"<p>COOKIE POLICY WITHIN THE SCOPE OF USE OF TEKTAS WEBSITE COOKIE INFORMATION TEXT COOKIE INFORMATION TEXT TEKTA\u015e WATCHES AND ACCESSORIES TRADE INC. (VKN: 8360054079) (\u201cTEKTA\u015e\u201d or \u201cCompany\u201d), we, as https:\/\/www.tektastrend.com\/ (\u201cPlatform\u201d), comply with the Personal Data Protection Law No. 6698 and secondary regulations (\u201cProtection of personal data\u201d). We show the utmost sensitivity for the processing [&hellip;]<\/p>\n","protected":false},"author":1,"featured_media":0,"parent":0,"menu_order":0,"comment_status":"closed","ping_status":"closed","template":"","meta":{"footnotes":""},"class_list":["post-488","page","type-page","status-publish","hentry"],"_links":{"self":[{"href":"https:\/\/tektastrend.com\/tr\/wp-json\/wp\/v2\/pages\/488","targetHints":{"allow":["GET"]}}],"collection":[{"href":"https:\/\/tektastrend.com\/tr\/wp-json\/wp\/v2\/pages"}],"about":[{"href":"https:\/\/tektastrend.com\/tr\/wp-json\/wp\/v2\/types\/page"}],"author":[{"embeddable":true,"href":"https:\/\/tektastrend.com\/tr\/wp-json\/wp\/v2\/users\/1"}],"replies":[{"embeddable":true,"href":"https:\/\/tektastrend.com\/tr\/wp-json\/wp\/v2\/comments?post=488"}],"version-history":[{"count":0,"href":"https:\/\/tektastrend.com\/tr\/wp-json\/wp\/v2\/pages\/488\/revisions"}],"wp:attachment":[{"href":"https:\/\/tektastrend.com\/tr\/wp-json\/wp\/v2\/media?parent=488"}],"curies":[{"name":"wp","href":"https:\/\/api.w.org\/{rel}","templated":true}]}}