{"id":1107,"date":"2025-04-24T16:00:39","date_gmt":"2025-04-24T13:00:39","guid":{"rendered":"https:\/\/tektastrend.com\/?post_type=product&#038;p=1107"},"modified":"2026-02-11T14:49:47","modified_gmt":"2026-02-11T11:49:47","slug":"g-flat-watch-30mm","status":"publish","type":"product","link":"https:\/\/tektastrend.com\/tr\/urun\/g-flat-watch-30mm\/","title":{"rendered":"G-FLAT WATCH, 30MM"},"content":{"rendered":"<ul>\n<li>30mm stainless steel case<\/li>\n<li>Silver galvanized dial with roman indexes at 12 and 6 o\u2019 clock and date at 3 o&#8217;clock<\/li>\n<li>Yans\u0131ma \u00f6nleyici safir cam<\/li>\n<li>Stainless steel bracelet<\/li>\n<li>1 Mart 2022'den sonra sat\u0131n al\u0131nan Gucci saatlerin garanti sertifikalar\u0131 yaln\u0131zca \u00e7evrimi\u00e7i olarak mevcuttur.<\/li>\n<li>Sertifikan\u0131z\u0131 buradan indirin; <a href=\"https:\/\/watchwarranty.gucci.com\/\" rel=\"nofollow noopener\" target=\"_blank\">https:\/\/watchwarranty.gucci.com<\/a> saatinizin arkas\u0131na kaz\u0131nm\u0131\u015f seri numaras\u0131n\u0131 kullan\u0131n.<\/li>\n<li>Kuvars hareketi<\/li>\n<li>5 ATM (50 metres\/164 feet)<\/li>\n<li>YA166504<\/li>\n<li>Wrist size from 145mm to 200mm<\/li>\n<\/ul>","protected":false},"excerpt":{"rendered":"<p>First introduced in the 1970s, the G-Flat watch pays homage to the heritage designs of the House with a modern touch. Characterized by octagonal angles and a multi-layered profile, the watch evokes the architectural landscape of the 1970s. This watch appears in stainless steel with silver galvanized dial, roman indexes and date opening.<\/p>","protected":false},"featured_media":1108,"template":"","meta":[],"product_brand":[],"product_cat":[16],"product_tag":[37],"class_list":{"0":"post-1107","1":"product","2":"type-product","3":"status-publish","4":"has-post-thumbnail","6":"product_cat-timepieces","7":"product_tag-g-flat","9":"first","10":"instock","11":"shipping-taxable","12":"purchasable","13":"product-type-simple"},"_links":{"self":[{"href":"https:\/\/tektastrend.com\/tr\/wp-json\/wp\/v2\/product\/1107","targetHints":{"allow":["GET"]}}],"collection":[{"href":"https:\/\/tektastrend.com\/tr\/wp-json\/wp\/v2\/product"}],"about":[{"href":"https:\/\/tektastrend.com\/tr\/wp-json\/wp\/v2\/types\/product"}],"wp:featuredmedia":[{"embeddable":true,"href":"https:\/\/tektastrend.com\/tr\/wp-json\/wp\/v2\/media\/1108"}],"wp:attachment":[{"href":"https:\/\/tektastrend.com\/tr\/wp-json\/wp\/v2\/media?parent=1107"}],"wp:term":[{"taxonomy":"product_brand","embeddable":true,"href":"https:\/\/tektastrend.com\/tr\/wp-json\/wp\/v2\/product_brand?post=1107"},{"taxonomy":"product_cat","embeddable":true,"href":"https:\/\/tektastrend.com\/tr\/wp-json\/wp\/v2\/product_cat?post=1107"},{"taxonomy":"product_tag","embeddable":true,"href":"https:\/\/tektastrend.com\/tr\/wp-json\/wp\/v2\/product_tag?post=1107"}],"curies":[{"name":"wp","href":"https:\/\/api.w.org\/{rel}","templated":true}]}}