{"id":1155,"date":"2025-04-24T16:55:24","date_gmt":"2025-04-24T13:55:24","guid":{"rendered":"https:\/\/tektastrend.com\/?post_type=product&#038;p=1155"},"modified":"2026-02-11T14:47:39","modified_gmt":"2026-02-11T11:47:39","slug":"g-timeless-watch-38mm","status":"publish","type":"product","link":"https:\/\/tektastrend.com\/tr\/urun\/g-timeless-watch-38mm\/","title":{"rendered":"G-TIMELESS WATCH, 38MM"},"content":{"rendered":"<ul>\n<li>38mm stainless steel case, gold-plated dial with Interlocking G, date at 3 o&#8217; clock and stainless steel bracelet<\/li>\n<li>Yans\u0131ma \u00f6nleyici safir cam<\/li>\n<li>1 Mart 2022'den sonra sat\u0131n al\u0131nan Gucci saatlerin garanti sertifikalar\u0131 yaln\u0131zca \u00e7evrimi\u00e7i olarak mevcuttur.<\/li>\n<li>Sertifikan\u0131z\u0131 buradan indirin; <a href=\"https:\/\/watchwarranty.gucci.com\/\" rel=\"nofollow noopener\" target=\"_blank\">https:\/\/watchwarranty.gucci.com<\/a> saatinizin arkas\u0131na kaz\u0131nm\u0131\u015f seri numaras\u0131n\u0131 kullan\u0131n.<\/li>\n<li>5 ATM (50 meters\/164 feet)<\/li>\n<li>Kuvars hareketi<\/li>\n<li>Wrist size from 125mm to 195mm<\/li>\n<li>YA1264234<\/li>\n<li>\u0130svi\u00e7re Yap\u0131m\u0131<\/li>\n<\/ul>","protected":false},"excerpt":{"rendered":"<p>The G-Timeless line continues to define the latest collections, highlighting the signature motifs of the House.\u00a0Presented with a quartz movement, the accessory features a stainless steel bracelet enriched with a gold-plated dial. The emblematic Interlocking G adds a soft logo touch to the piece.<\/p>","protected":false},"featured_media":1156,"template":"","meta":[],"product_brand":[],"product_cat":[16],"product_tag":[22],"class_list":{"0":"post-1155","1":"product","2":"type-product","3":"status-publish","4":"has-post-thumbnail","6":"product_cat-timepieces","7":"product_tag-g-timeless","9":"first","10":"instock","11":"shipping-taxable","12":"purchasable","13":"product-type-simple"},"_links":{"self":[{"href":"https:\/\/tektastrend.com\/tr\/wp-json\/wp\/v2\/product\/1155","targetHints":{"allow":["GET"]}}],"collection":[{"href":"https:\/\/tektastrend.com\/tr\/wp-json\/wp\/v2\/product"}],"about":[{"href":"https:\/\/tektastrend.com\/tr\/wp-json\/wp\/v2\/types\/product"}],"wp:featuredmedia":[{"embeddable":true,"href":"https:\/\/tektastrend.com\/tr\/wp-json\/wp\/v2\/media\/1156"}],"wp:attachment":[{"href":"https:\/\/tektastrend.com\/tr\/wp-json\/wp\/v2\/media?parent=1155"}],"wp:term":[{"taxonomy":"product_brand","embeddable":true,"href":"https:\/\/tektastrend.com\/tr\/wp-json\/wp\/v2\/product_brand?post=1155"},{"taxonomy":"product_cat","embeddable":true,"href":"https:\/\/tektastrend.com\/tr\/wp-json\/wp\/v2\/product_cat?post=1155"},{"taxonomy":"product_tag","embeddable":true,"href":"https:\/\/tektastrend.com\/tr\/wp-json\/wp\/v2\/product_tag?post=1155"}],"curies":[{"name":"wp","href":"https:\/\/api.w.org\/{rel}","templated":true}]}}