{"id":1183,"date":"2025-04-24T18:27:23","date_gmt":"2025-04-24T15:27:23","guid":{"rendered":"https:\/\/tektastrend.com\/?post_type=product&#038;p=1183"},"modified":"2026-02-11T14:45:19","modified_gmt":"2026-02-11T11:45:19","slug":"gucci-dive-watch-40mm-9","status":"publish","type":"product","link":"https:\/\/tektastrend.com\/tr\/urun\/gucci-dive-watch-40mm-9\/","title":{"rendered":"GUCCI DIVE WATCH, 40MM"},"content":{"rendered":"<ul>\n<li>40mm stainless steel case, green dial, ceramic bezel and rubber bracelet<\/li>\n<li>Yans\u0131ma \u00f6nleyici safir cam<\/li>\n<li>1 Mart 2022'den sonra sat\u0131n al\u0131nan Gucci saatlerin garanti sertifikalar\u0131 yaln\u0131zca \u00e7evrimi\u00e7i olarak mevcuttur.<\/li>\n<li>Sertifikan\u0131z\u0131 buradan indirin; <a href=\"https:\/\/watchwarranty.gucci.com\/\" rel=\"nofollow noopener\" target=\"_blank\">https:\/\/watchwarranty.gucci.com<\/a>saatinizin arkas\u0131na kaz\u0131nm\u0131\u015f seri numaras\u0131n\u0131 kullan\u0131n.<\/li>\n<li>30ATM (300 meters\/ 980 feet)<\/li>\n<li>G\u00fc\u00e7 rezervi: 38 saat<\/li>\n<li>Otomatik hareket<\/li>\n<li>150 mm'den 190 mm'ye kadar bilek \u00f6l\u00e7\u00fcs\u00fc<\/li>\n<li>YA136360<\/li>\n<li>\u0130svi\u00e7re Yap\u0131m\u0131<\/li>\n<\/ul>","protected":false},"excerpt":{"rendered":"<p>The Gucci Dive line continues to explore the House codes in contemporary ways. Designed with a steel case and a rubber bracelet, the watch is defined by a green dial featuring the emblematic Interlocking G logo.<\/p>","protected":false},"featured_media":1184,"template":"","meta":[],"product_brand":[],"product_cat":[16],"product_tag":[24],"class_list":{"0":"post-1183","1":"product","2":"type-product","3":"status-publish","4":"has-post-thumbnail","6":"product_cat-timepieces","7":"product_tag-dive","9":"first","10":"instock","11":"shipping-taxable","12":"purchasable","13":"product-type-simple"},"_links":{"self":[{"href":"https:\/\/tektastrend.com\/tr\/wp-json\/wp\/v2\/product\/1183","targetHints":{"allow":["GET"]}}],"collection":[{"href":"https:\/\/tektastrend.com\/tr\/wp-json\/wp\/v2\/product"}],"about":[{"href":"https:\/\/tektastrend.com\/tr\/wp-json\/wp\/v2\/types\/product"}],"wp:featuredmedia":[{"embeddable":true,"href":"https:\/\/tektastrend.com\/tr\/wp-json\/wp\/v2\/media\/1184"}],"wp:attachment":[{"href":"https:\/\/tektastrend.com\/tr\/wp-json\/wp\/v2\/media?parent=1183"}],"wp:term":[{"taxonomy":"product_brand","embeddable":true,"href":"https:\/\/tektastrend.com\/tr\/wp-json\/wp\/v2\/product_brand?post=1183"},{"taxonomy":"product_cat","embeddable":true,"href":"https:\/\/tektastrend.com\/tr\/wp-json\/wp\/v2\/product_cat?post=1183"},{"taxonomy":"product_tag","embeddable":true,"href":"https:\/\/tektastrend.com\/tr\/wp-json\/wp\/v2\/product_tag?post=1183"}],"curies":[{"name":"wp","href":"https:\/\/api.w.org\/{rel}","templated":true}]}}