{"id":1198,"date":"2025-04-24T18:44:17","date_gmt":"2025-04-24T15:44:17","guid":{"rendered":"https:\/\/tektastrend.com\/?post_type=product&#038;p=1198"},"modified":"2026-02-11T14:42:55","modified_gmt":"2026-02-11T11:42:55","slug":"gucci-interlocking-watch-41mm-2","status":"publish","type":"product","link":"https:\/\/tektastrend.com\/tr\/urun\/gucci-interlocking-watch-41mm-2\/","title":{"rendered":"GUCCI INTERLOCKING WATCH, 41MM"},"content":{"rendered":"<ul>\n<li>41mm stainless steel case with blue PVD coating, blue dial, Interlocking G small seconds display, black PVD bezel and blue rubber strap with textile effect<\/li>\n<li>Yans\u0131ma \u00f6nleyici safir cam<\/li>\n<li>1 Mart 2022'den sonra sat\u0131n al\u0131nan Gucci saatlerin garanti sertifikalar\u0131 yaln\u0131zca \u00e7evrimi\u00e7i olarak mevcuttur.<\/li>\n<li>Sertifikan\u0131z\u0131 buradan indirin; <a href=\"https:\/\/watchwarranty.gucci.com\/\" rel=\"nofollow noopener\" target=\"_blank\">https:\/\/watchwarranty.gucci.com<\/a>saatinizin arkas\u0131na kaz\u0131nm\u0131\u015f seri numaras\u0131n\u0131 kullan\u0131n.<\/li>\n<li>10 ATM (100 meters\/330 feet)<\/li>\n<li>Power reserve: 56 hours<\/li>\n<li>Otomatik hareket<\/li>\n<li>Wrist size: 160mm to 200mm<\/li>\n<li>YA142331<\/li>\n<li>\u0130svi\u00e7re Yap\u0131m\u0131<\/li>\n<\/ul>","protected":false},"excerpt":{"rendered":"<p>Powered by an automatic movement, the new Gucci Interlocking watch combines the historic codes of the House with a contemporary feel. The style in 41mm case offers a blue dial with a black PVD bezel. Finished with a blue rubber strap with textile effect, the accessory is enriched with the signature Interlocking G logo in a small seconds display.<\/p>","protected":false},"featured_media":1202,"template":"","meta":[],"product_brand":[],"product_cat":[16],"product_tag":[39],"class_list":{"0":"post-1198","1":"product","2":"type-product","3":"status-publish","4":"has-post-thumbnail","6":"product_cat-timepieces","7":"product_tag-gucci-interlocking","9":"first","10":"instock","11":"shipping-taxable","12":"purchasable","13":"product-type-simple"},"_links":{"self":[{"href":"https:\/\/tektastrend.com\/tr\/wp-json\/wp\/v2\/product\/1198","targetHints":{"allow":["GET"]}}],"collection":[{"href":"https:\/\/tektastrend.com\/tr\/wp-json\/wp\/v2\/product"}],"about":[{"href":"https:\/\/tektastrend.com\/tr\/wp-json\/wp\/v2\/types\/product"}],"wp:featuredmedia":[{"embeddable":true,"href":"https:\/\/tektastrend.com\/tr\/wp-json\/wp\/v2\/media\/1202"}],"wp:attachment":[{"href":"https:\/\/tektastrend.com\/tr\/wp-json\/wp\/v2\/media?parent=1198"}],"wp:term":[{"taxonomy":"product_brand","embeddable":true,"href":"https:\/\/tektastrend.com\/tr\/wp-json\/wp\/v2\/product_brand?post=1198"},{"taxonomy":"product_cat","embeddable":true,"href":"https:\/\/tektastrend.com\/tr\/wp-json\/wp\/v2\/product_cat?post=1198"},{"taxonomy":"product_tag","embeddable":true,"href":"https:\/\/tektastrend.com\/tr\/wp-json\/wp\/v2\/product_tag?post=1198"}],"curies":[{"name":"wp","href":"https:\/\/api.w.org\/{rel}","templated":true}]}}