{"id":1208,"date":"2025-04-25T10:31:14","date_gmt":"2025-04-25T07:31:14","guid":{"rendered":"https:\/\/tektastrend.com\/?post_type=product&#038;p=1208"},"modified":"2026-02-11T14:41:44","modified_gmt":"2026-02-11T11:41:44","slug":"gucci-interlocking-watch-29mm-pink","status":"publish","type":"product","link":"https:\/\/tektastrend.com\/tr\/urun\/gucci-interlocking-watch-29mm-pink\/","title":{"rendered":"GUCCI INTERLOCKING WATCH, 29MM"},"content":{"rendered":"<ul>\n<li>29mm stainless steel case, pink dial with 8 diamonds, Interlocking G small seconds display, stainless steel bracelet<\/li>\n<li>Yans\u0131ma \u00f6nleyici safir cam<\/li>\n<li>1 Mart 2022'den sonra sat\u0131n al\u0131nan Gucci saatlerin garanti sertifikalar\u0131 yaln\u0131zca \u00e7evrimi\u00e7i olarak mevcuttur.<\/li>\n<li>Sertifikan\u0131z\u0131 buradan indirin; <a href=\"https:\/\/watchwarranty.gucci.com\/\" rel=\"nofollow noopener\" target=\"_blank\">https:\/\/watchwarranty.gucci.com<\/a> saatinizin arkas\u0131na kaz\u0131nm\u0131\u015f seri numaras\u0131n\u0131 kullan\u0131n.<\/li>\n<li>5 ATM (50 meters\/164 feet)<\/li>\n<li>Kuvars hareketi<\/li>\n<li>Wrist size from 130mm to 190mm<\/li>\n<li>YA142511<\/li>\n<li>\u0130svi\u00e7re Yap\u0131m\u0131<\/li>\n<\/ul>","protected":false},"excerpt":{"rendered":"<p>Powered by a quartz movement, the new Gucci Interlocking watch combines the historic codes of the House with a contemporary feel. The style in 29mm case offers a pink dial with diamonds. Finished with a stainless steel bracelet, the accessory is enriched with the signature Interlocking G logo in a small seconds display.<\/p>","protected":false},"featured_media":1210,"template":"","meta":[],"product_brand":[],"product_cat":[16],"product_tag":[39],"class_list":{"0":"post-1208","1":"product","2":"type-product","3":"status-publish","4":"has-post-thumbnail","6":"product_cat-timepieces","7":"product_tag-gucci-interlocking","9":"first","10":"instock","11":"shipping-taxable","12":"purchasable","13":"product-type-simple"},"_links":{"self":[{"href":"https:\/\/tektastrend.com\/tr\/wp-json\/wp\/v2\/product\/1208","targetHints":{"allow":["GET"]}}],"collection":[{"href":"https:\/\/tektastrend.com\/tr\/wp-json\/wp\/v2\/product"}],"about":[{"href":"https:\/\/tektastrend.com\/tr\/wp-json\/wp\/v2\/types\/product"}],"wp:featuredmedia":[{"embeddable":true,"href":"https:\/\/tektastrend.com\/tr\/wp-json\/wp\/v2\/media\/1210"}],"wp:attachment":[{"href":"https:\/\/tektastrend.com\/tr\/wp-json\/wp\/v2\/media?parent=1208"}],"wp:term":[{"taxonomy":"product_brand","embeddable":true,"href":"https:\/\/tektastrend.com\/tr\/wp-json\/wp\/v2\/product_brand?post=1208"},{"taxonomy":"product_cat","embeddable":true,"href":"https:\/\/tektastrend.com\/tr\/wp-json\/wp\/v2\/product_cat?post=1208"},{"taxonomy":"product_tag","embeddable":true,"href":"https:\/\/tektastrend.com\/tr\/wp-json\/wp\/v2\/product_tag?post=1208"}],"curies":[{"name":"wp","href":"https:\/\/api.w.org\/{rel}","templated":true}]}}