{"id":1221,"date":"2025-04-25T10:43:18","date_gmt":"2025-04-25T07:43:18","guid":{"rendered":"https:\/\/tektastrend.com\/?post_type=product&#038;p=1221"},"modified":"2026-02-11T15:04:32","modified_gmt":"2026-02-11T12:04:32","slug":"gucci-interlocking-watch-41mm-5","status":"publish","type":"product","link":"https:\/\/tektastrend.com\/tr\/urun\/gucci-interlocking-watch-41mm-5\/","title":{"rendered":"GUCCI INTERLOCKING WATCH, 41MM"},"content":{"rendered":"<ul>\n<li>41mm stainless steel case, black dial, Interlocking G small seconds display, black ceramic bezel with tachymeter indication, stainless steel bracelet<\/li>\n<li>Yans\u0131ma \u00f6nleyici safir cam<\/li>\n<li>1 Mart 2022'den sonra sat\u0131n al\u0131nan Gucci saatlerin garanti sertifikalar\u0131 yaln\u0131zca \u00e7evrimi\u00e7i olarak mevcuttur.<\/li>\n<li>Sertifikan\u0131z\u0131 buradan indirin; <a href=\"https:\/\/watchwarranty.gucci.com\/\" rel=\"nofollow noopener\" target=\"_blank\">https:\/\/watchwarranty.gucci.com<\/a> saatinizin arkas\u0131na kaz\u0131nm\u0131\u015f seri numaras\u0131n\u0131 kullan\u0131n.<\/li>\n<li>10 ATM (100 meters\/330 feet)<\/li>\n<li>Quartz movement with chronograph function<\/li>\n<li>Wrist size from 150mm to 215mm<\/li>\n<li>YA142316<\/li>\n<li>\u0130svi\u00e7re Yap\u0131m\u0131<\/li>\n<\/ul>","protected":false},"excerpt":{"rendered":"<p>Powered by a quartz movement with a chronograph function, the new Gucci Interlocking watch combines the historic codes of the House with a contemporary feel. The style in 41mm case offers a black dial with a black ceramic bezel and tachymeter indication. Finished with a stainless steel bracelet, the accessory is enriched with the signature Interlocking G logo in a small seconds display.<\/p>","protected":false},"featured_media":1223,"template":"","meta":[],"product_brand":[],"product_cat":[16],"product_tag":[39],"class_list":{"0":"post-1221","1":"product","2":"type-product","3":"status-publish","4":"has-post-thumbnail","6":"product_cat-timepieces","7":"product_tag-gucci-interlocking","9":"first","10":"instock","11":"shipping-taxable","12":"purchasable","13":"product-type-simple"},"_links":{"self":[{"href":"https:\/\/tektastrend.com\/tr\/wp-json\/wp\/v2\/product\/1221","targetHints":{"allow":["GET"]}}],"collection":[{"href":"https:\/\/tektastrend.com\/tr\/wp-json\/wp\/v2\/product"}],"about":[{"href":"https:\/\/tektastrend.com\/tr\/wp-json\/wp\/v2\/types\/product"}],"wp:featuredmedia":[{"embeddable":true,"href":"https:\/\/tektastrend.com\/tr\/wp-json\/wp\/v2\/media\/1223"}],"wp:attachment":[{"href":"https:\/\/tektastrend.com\/tr\/wp-json\/wp\/v2\/media?parent=1221"}],"wp:term":[{"taxonomy":"product_brand","embeddable":true,"href":"https:\/\/tektastrend.com\/tr\/wp-json\/wp\/v2\/product_brand?post=1221"},{"taxonomy":"product_cat","embeddable":true,"href":"https:\/\/tektastrend.com\/tr\/wp-json\/wp\/v2\/product_cat?post=1221"},{"taxonomy":"product_tag","embeddable":true,"href":"https:\/\/tektastrend.com\/tr\/wp-json\/wp\/v2\/product_tag?post=1221"}],"curies":[{"name":"wp","href":"https:\/\/api.w.org\/{rel}","templated":true}]}}