{"id":1250,"date":"2025-04-25T12:10:44","date_gmt":"2025-04-25T09:10:44","guid":{"rendered":"https:\/\/tektastrend.com\/?post_type=product&#038;p=1250"},"modified":"2026-02-11T15:02:33","modified_gmt":"2026-02-11T12:02:33","slug":"gucci-25h-38mm","status":"publish","type":"product","link":"https:\/\/tektastrend.com\/tr\/urun\/gucci-25h-38mm\/","title":{"rendered":"Gucci 25H, 38MM"},"content":{"rendered":"<ul>\n<li>38mm stainless steel and 18k yellow gold plated multi layered case, golden brass dial with Interlocking G motif, five links stainless steel bracelet<\/li>\n<li>Yans\u0131ma \u00f6nleyici safir cam<\/li>\n<li>1 Mart 2022'den sonra sat\u0131n al\u0131nan Gucci saatlerin garanti sertifikalar\u0131 yaln\u0131zca \u00e7evrimi\u00e7i olarak mevcuttur.<\/li>\n<li>Sertifikan\u0131z\u0131 buradan indirin; <a href=\"https:\/\/watchwarranty.gucci.com\/\" target=\"_blank\" rel=\"nofollow noopener\">https:\/\/watchwarranty.gucci.com<\/a> saatinizin arkas\u0131na kaz\u0131nm\u0131\u015f seri numaras\u0131n\u0131 kullan\u0131n.<\/li>\n<li>3 ATM (30 metre\/98 fit)<\/li>\n<li>Kuvars hareketi<\/li>\n<li>Wrist size from 120mm to 195mm<\/li>\n<li>YA163405<\/li>\n<li>\u0130svi\u00e7re Yap\u0131m\u0131<\/li>\n<\/ul>","protected":false},"excerpt":{"rendered":"<div class=\"elementor-element elementor-element-74685af7 elementor-widget elementor-widget-woocommerce-product-short-description\" data-id=\"74685af7\" data-element_type=\"widget\" data-widget_type=\"woocommerce-product-short-description.default\">\n<div class=\"elementor-widget-container\">\n<div class=\"woocommerce-product-details__short-description\">\n<div class=\"elementor-element elementor-element-74685af7 elementor-widget elementor-widget-woocommerce-product-short-description\" data-id=\"74685af7\" data-element_type=\"widget\" data-widget_type=\"woocommerce-product-short-description.default\">\n<div class=\"elementor-widget-container\">\n<div class=\"woocommerce-product-details__short-description\">\n<p>The GUCCI 25H\u2019s streamlined silhouette was inspired by the sleek forms of contemporary architecture. The watch is presented with a thin multi-layer case and five-link steel bracelet, while the design is completed by monogram details and a gold-toned dial. The name, GUCCI 25H, is attributed to a particularly symbolic talisman.<\/p>\n<\/div>\n<\/div>\n<\/div>\n<\/div>\n<\/div>\n<\/div>","protected":false},"featured_media":1072,"template":"","meta":[],"product_brand":[],"product_cat":[16],"product_tag":[23],"class_list":{"0":"post-1250","1":"product","2":"type-product","3":"status-publish","4":"has-post-thumbnail","6":"product_cat-timepieces","7":"product_tag-25h","9":"first","10":"instock","11":"shipping-taxable","12":"purchasable","13":"product-type-simple"},"_links":{"self":[{"href":"https:\/\/tektastrend.com\/tr\/wp-json\/wp\/v2\/product\/1250","targetHints":{"allow":["GET"]}}],"collection":[{"href":"https:\/\/tektastrend.com\/tr\/wp-json\/wp\/v2\/product"}],"about":[{"href":"https:\/\/tektastrend.com\/tr\/wp-json\/wp\/v2\/types\/product"}],"wp:featuredmedia":[{"embeddable":true,"href":"https:\/\/tektastrend.com\/tr\/wp-json\/wp\/v2\/media\/1072"}],"wp:attachment":[{"href":"https:\/\/tektastrend.com\/tr\/wp-json\/wp\/v2\/media?parent=1250"}],"wp:term":[{"taxonomy":"product_brand","embeddable":true,"href":"https:\/\/tektastrend.com\/tr\/wp-json\/wp\/v2\/product_brand?post=1250"},{"taxonomy":"product_cat","embeddable":true,"href":"https:\/\/tektastrend.com\/tr\/wp-json\/wp\/v2\/product_cat?post=1250"},{"taxonomy":"product_tag","embeddable":true,"href":"https:\/\/tektastrend.com\/tr\/wp-json\/wp\/v2\/product_tag?post=1250"}],"curies":[{"name":"wp","href":"https:\/\/api.w.org\/{rel}","templated":true}]}}