{"id":1251,"date":"2025-04-25T12:54:18","date_gmt":"2025-04-25T09:54:18","guid":{"rendered":"https:\/\/tektastrend.com\/?post_type=product&#038;p=1251"},"modified":"2026-02-11T15:01:51","modified_gmt":"2026-02-11T12:01:51","slug":"gucci-25h-38mm-2","status":"publish","type":"product","link":"https:\/\/tektastrend.com\/tr\/urun\/gucci-25h-38mm-2\/","title":{"rendered":"Gucci 25H WATCH, 38MM"},"content":{"rendered":"<ul class=\"StyledComponents__StyledList-sc-6c68baa-0 bwwztd is-text-s-book\">\n<li>38mm stainless steel multi-layered case, silver brass dial with Interlocking G motif, five link stainless steel bracelet<\/li>\n<li>1 Mart 2022'den sonra sat\u0131n al\u0131nan Gucci saatlerin garanti sertifikalar\u0131 yaln\u0131zca \u00e7evrimi\u00e7i olarak mevcuttur.<\/li>\n<li>Sertifikan\u0131z\u0131 buradan indirin; <a href=\"https:\/\/watchwarranty.gucci.com\" rel=\"nofollow noopener\" target=\"_blank\">https:\/\/watchwarranty.gucci.com<\/a> saatinizin arkas\u0131na kaz\u0131nm\u0131\u015f seri numaras\u0131n\u0131 kullan\u0131n.<\/li>\n<li>3 ATM (30 metre\/98 fit)<\/li>\n<li>Yans\u0131ma \u00f6nleyici safir cam<\/li>\n<li>Kuvars hareketi<\/li>\n<li>Wrist size from 120mm to 195mm<\/li>\n<li>YA163407<\/li>\n<li>\u0130svi\u00e7re Yap\u0131m\u0131<\/li>\n<\/ul>","protected":false},"excerpt":{"rendered":"<div class=\"elementor-element elementor-element-74685af7 elementor-widget elementor-widget-woocommerce-product-short-description\" data-id=\"74685af7\" data-element_type=\"widget\" data-widget_type=\"woocommerce-product-short-description.default\">\n<div class=\"elementor-widget-container\">\n<div class=\"woocommerce-product-details__short-description\">\n<div class=\"elementor-element elementor-element-74685af7 elementor-widget elementor-widget-woocommerce-product-short-description\" data-id=\"74685af7\" data-element_type=\"widget\" data-widget_type=\"woocommerce-product-short-description.default\">\n<div class=\"elementor-widget-container\">\n<div class=\"woocommerce-product-details__short-description\">\n<div class=\"ProductDetailsText__StyledProductDescription-sc-40a2afcd-1 fHTIZA is-text-light\" data-testid=\"product-description\">The GUCCI 25H&#8217;s streamlined silhouette was inspired by the sleek forms of contemporary architecture. The watch is presented with a thin multi-layer case and five-link steel bracelet while the design is completed by the House&#8217;s monogram logo.<\/div>\n<\/div>\n<\/div>\n<\/div>\n<\/div>\n<\/div>\n<\/div>","protected":false},"featured_media":1252,"template":"","meta":[],"product_brand":[],"product_cat":[16],"product_tag":[23],"class_list":{"0":"post-1251","1":"product","2":"type-product","3":"status-publish","4":"has-post-thumbnail","6":"product_cat-timepieces","7":"product_tag-25h","9":"first","10":"instock","11":"shipping-taxable","12":"purchasable","13":"product-type-simple"},"_links":{"self":[{"href":"https:\/\/tektastrend.com\/tr\/wp-json\/wp\/v2\/product\/1251","targetHints":{"allow":["GET"]}}],"collection":[{"href":"https:\/\/tektastrend.com\/tr\/wp-json\/wp\/v2\/product"}],"about":[{"href":"https:\/\/tektastrend.com\/tr\/wp-json\/wp\/v2\/types\/product"}],"wp:featuredmedia":[{"embeddable":true,"href":"https:\/\/tektastrend.com\/tr\/wp-json\/wp\/v2\/media\/1252"}],"wp:attachment":[{"href":"https:\/\/tektastrend.com\/tr\/wp-json\/wp\/v2\/media?parent=1251"}],"wp:term":[{"taxonomy":"product_brand","embeddable":true,"href":"https:\/\/tektastrend.com\/tr\/wp-json\/wp\/v2\/product_brand?post=1251"},{"taxonomy":"product_cat","embeddable":true,"href":"https:\/\/tektastrend.com\/tr\/wp-json\/wp\/v2\/product_cat?post=1251"},{"taxonomy":"product_tag","embeddable":true,"href":"https:\/\/tektastrend.com\/tr\/wp-json\/wp\/v2\/product_tag?post=1251"}],"curies":[{"name":"wp","href":"https:\/\/api.w.org\/{rel}","templated":true}]}}