{"id":1267,"date":"2025-04-25T13:14:11","date_gmt":"2025-04-25T10:14:11","guid":{"rendered":"https:\/\/tektastrend.com\/?post_type=product&#038;p=1267"},"modified":"2026-02-11T14:59:12","modified_gmt":"2026-02-11T11:59:12","slug":"g-timeless-watch-40mm-3","status":"publish","type":"product","link":"https:\/\/tektastrend.com\/tr\/urun\/g-timeless-watch-40mm-3\/","title":{"rendered":"G-TIMELESS WATCH, 40MM"},"content":{"rendered":"<ul class=\"StyledComponents__StyledList-sc-6c68baa-0 bwwztd is-text-s-book\">\n<li>40 mm stainless steel case with gold-plated bezel, silver dial with Interlocking G and Gucci lettering, small seconds display, stainless steel bracelet<\/li>\n<li>Sapphire glass with anti-reflecting coating<\/li>\n<li>1 Mart 2022'den sonra sat\u0131n al\u0131nan Gucci saatlerin garanti sertifikalar\u0131 yaln\u0131zca \u00e7evrimi\u00e7i olarak mevcuttur.<\/li>\n<li>Sertifikan\u0131z\u0131 buradan indirin; <a href=\"https:\/\/watchwarranty.gucci.com\" rel=\"nofollow noopener\" target=\"_blank\">https:\/\/watchwarranty.gucci.com<\/a> saatinizin arkas\u0131na kaz\u0131nm\u0131\u015f seri numaras\u0131n\u0131 kullan\u0131n.<\/li>\n<li>5 ATM (50 metres\/164 feet)<\/li>\n<li>Power reserve 42h<\/li>\n<li>Otomatik hareket<\/li>\n<li>Wrist size from 135mm to 195mm<\/li>\n<li>YA126390<\/li>\n<li>\u0130svi\u00e7re Yap\u0131m\u0131<\/li>\n<\/ul>","protected":false},"excerpt":{"rendered":"<p>The season&#8217;s polished look extends to watches and jewellery, including the G-Timeless collection. The round watch spotlights a sleek dial finish with subtle expressions of the Interlocking G, Gucci lettering, and signature motifs. Finished with a steel bracelet, the accessory is enriched with a small seconds display.<\/p>","protected":false},"featured_media":1271,"template":"","meta":[],"product_brand":[],"product_cat":[16],"product_tag":[22],"class_list":{"0":"post-1267","1":"product","2":"type-product","3":"status-publish","4":"has-post-thumbnail","6":"product_cat-timepieces","7":"product_tag-g-timeless","9":"first","10":"instock","11":"shipping-taxable","12":"purchasable","13":"product-type-simple"},"_links":{"self":[{"href":"https:\/\/tektastrend.com\/tr\/wp-json\/wp\/v2\/product\/1267","targetHints":{"allow":["GET"]}}],"collection":[{"href":"https:\/\/tektastrend.com\/tr\/wp-json\/wp\/v2\/product"}],"about":[{"href":"https:\/\/tektastrend.com\/tr\/wp-json\/wp\/v2\/types\/product"}],"wp:featuredmedia":[{"embeddable":true,"href":"https:\/\/tektastrend.com\/tr\/wp-json\/wp\/v2\/media\/1271"}],"wp:attachment":[{"href":"https:\/\/tektastrend.com\/tr\/wp-json\/wp\/v2\/media?parent=1267"}],"wp:term":[{"taxonomy":"product_brand","embeddable":true,"href":"https:\/\/tektastrend.com\/tr\/wp-json\/wp\/v2\/product_brand?post=1267"},{"taxonomy":"product_cat","embeddable":true,"href":"https:\/\/tektastrend.com\/tr\/wp-json\/wp\/v2\/product_cat?post=1267"},{"taxonomy":"product_tag","embeddable":true,"href":"https:\/\/tektastrend.com\/tr\/wp-json\/wp\/v2\/product_tag?post=1267"}],"curies":[{"name":"wp","href":"https:\/\/api.w.org\/{rel}","templated":true}]}}