{"id":1301,"date":"2025-04-29T13:34:35","date_gmt":"2025-04-29T10:34:35","guid":{"rendered":"https:\/\/tektastrend.com\/?post_type=product&#038;p=1301"},"modified":"2026-02-10T16:09:04","modified_gmt":"2026-02-10T13:09:04","slug":"gg-marmont-bracelet","status":"publish","type":"product","link":"https:\/\/tektastrend.com\/tr\/urun\/gg-marmont-bracelet\/","title":{"rendered":"GG Marmont bracelet"},"content":{"rendered":"<ul>\n<li>925 G\u00fcm\u00fc\u015f Sterlin<\/li>\n<li>Double G charm<\/li>\n<li>Clasp closure with Double G<\/li>\n<li>Double G: 11.8mm x 9.4mm<\/li>\n<li>\u0130talya'da \u00fcretildi<\/li>\n<li>Gucci, s\u00fcrd\u00fcr\u00fclebilirlik stratejisi do\u011frultusunda, \u015firket i\u00e7inde ve tedarik zincirinde Sosyal ve \u00c7evresel Sorumluluk standartlar\u0131na sayg\u0131y\u0131 garanti eder<\/li>\n<\/ul>","protected":false},"excerpt":{"rendered":"<p>The instantly recognisable Double G emblem takes centre stage across this elegant bracelet. Expertly made and intricately designed, often with subtle nods to the House, Gucci&#8217;s silver jewellery collection is presented in an array of contemporary and classic pieces.<\/p>","protected":false},"featured_media":1303,"template":"","meta":[],"product_brand":[],"product_cat":[28],"product_tag":[32,36],"class_list":{"0":"post-1301","1":"product","2":"type-product","3":"status-publish","4":"has-post-thumbnail","6":"product_cat-silver-jewelry","7":"product_tag-bracelet","8":"product_tag-gg-marmont","10":"first","11":"instock","12":"shipping-taxable","13":"purchasable","14":"product-type-simple"},"_links":{"self":[{"href":"https:\/\/tektastrend.com\/tr\/wp-json\/wp\/v2\/product\/1301","targetHints":{"allow":["GET"]}}],"collection":[{"href":"https:\/\/tektastrend.com\/tr\/wp-json\/wp\/v2\/product"}],"about":[{"href":"https:\/\/tektastrend.com\/tr\/wp-json\/wp\/v2\/types\/product"}],"wp:featuredmedia":[{"embeddable":true,"href":"https:\/\/tektastrend.com\/tr\/wp-json\/wp\/v2\/media\/1303"}],"wp:attachment":[{"href":"https:\/\/tektastrend.com\/tr\/wp-json\/wp\/v2\/media?parent=1301"}],"wp:term":[{"taxonomy":"product_brand","embeddable":true,"href":"https:\/\/tektastrend.com\/tr\/wp-json\/wp\/v2\/product_brand?post=1301"},{"taxonomy":"product_cat","embeddable":true,"href":"https:\/\/tektastrend.com\/tr\/wp-json\/wp\/v2\/product_cat?post=1301"},{"taxonomy":"product_tag","embeddable":true,"href":"https:\/\/tektastrend.com\/tr\/wp-json\/wp\/v2\/product_tag?post=1301"}],"curies":[{"name":"wp","href":"https:\/\/api.w.org\/{rel}","templated":true}]}}