{"id":1318,"date":"2025-04-29T16:04:32","date_gmt":"2025-04-29T13:04:32","guid":{"rendered":"https:\/\/tektastrend.com\/?post_type=product&#038;p=1318"},"modified":"2026-02-10T16:09:37","modified_gmt":"2026-02-10T13:09:37","slug":"trademark-ring-with-heart-pendant","status":"publish","type":"product","link":"https:\/\/tektastrend.com\/tr\/urun\/trademark-ring-with-heart-pendant\/","title":{"rendered":"Trademark ring with heart pendant"},"content":{"rendered":"<ul class=\"StyledComponents__StyledList-sc-6c68baa-0 bwwztd is-text-s-book\">\n<li>925 ayar g\u00fcm\u00fc\u015f<\/li>\n<li>Width: 4mm<\/li>\n<li>\u0130talya'da \u00fcretildi<\/li>\n<li>Gucci, s\u00fcrd\u00fcr\u00fclebilirlik stratejisi do\u011frultusunda, \u015firket i\u00e7inde ve tedarik zincirinde Sosyal ve \u00c7evresel Sorumluluk standartlar\u0131na sayg\u0131y\u0131 garanti eder<\/li>\n<\/ul>","protected":false},"excerpt":{"rendered":"<div class=\"ProductDetailsText__StyledProductDescription-sc-40a2afcd-1 fHTIZA is-text-light\" data-testid=\"product-description\">Crafted from 925 sterling silver, the heart detail defines this love ring, a jewellery piece reflecting the House&#8217;s romantic narrative. The Gucci trademark further enhances the accessory.<\/div>","protected":false},"featured_media":1319,"template":"","meta":[],"product_brand":[],"product_cat":[28],"product_tag":[41],"class_list":{"0":"post-1318","1":"product","2":"type-product","3":"status-publish","4":"has-post-thumbnail","6":"product_cat-silver-jewelry","7":"product_tag-gucci-trademark","9":"first","10":"instock","11":"shipping-taxable","12":"purchasable","13":"product-type-simple"},"_links":{"self":[{"href":"https:\/\/tektastrend.com\/tr\/wp-json\/wp\/v2\/product\/1318","targetHints":{"allow":["GET"]}}],"collection":[{"href":"https:\/\/tektastrend.com\/tr\/wp-json\/wp\/v2\/product"}],"about":[{"href":"https:\/\/tektastrend.com\/tr\/wp-json\/wp\/v2\/types\/product"}],"wp:featuredmedia":[{"embeddable":true,"href":"https:\/\/tektastrend.com\/tr\/wp-json\/wp\/v2\/media\/1319"}],"wp:attachment":[{"href":"https:\/\/tektastrend.com\/tr\/wp-json\/wp\/v2\/media?parent=1318"}],"wp:term":[{"taxonomy":"product_brand","embeddable":true,"href":"https:\/\/tektastrend.com\/tr\/wp-json\/wp\/v2\/product_brand?post=1318"},{"taxonomy":"product_cat","embeddable":true,"href":"https:\/\/tektastrend.com\/tr\/wp-json\/wp\/v2\/product_cat?post=1318"},{"taxonomy":"product_tag","embeddable":true,"href":"https:\/\/tektastrend.com\/tr\/wp-json\/wp\/v2\/product_tag?post=1318"}],"curies":[{"name":"wp","href":"https:\/\/api.w.org\/{rel}","templated":true}]}}