{"id":1322,"date":"2025-04-29T16:07:07","date_gmt":"2025-04-29T13:07:07","guid":{"rendered":"https:\/\/tektastrend.com\/?post_type=product&#038;p=1322"},"modified":"2026-02-10T16:03:57","modified_gmt":"2026-02-10T13:03:57","slug":"trademark-heart-shaped-earrings","status":"publish","type":"product","link":"https:\/\/tektastrend.com\/tr\/urun\/trademark-heart-shaped-earrings\/","title":{"rendered":"Trademark heart-shaped earrings"},"content":{"rendered":"<ul class=\"StyledComponents__StyledList-sc-6c68baa-0 bwwztd is-text-s-book\">\n<li>925 ayar g\u00fcm\u00fc\u015f<\/li>\n<li>Delinmi\u015f kulaklar i\u00e7in<\/li>\n<li>Heart: 11 x 9.3mm; 2mm thick<\/li>\n<li>\u0130talya'da \u00fcretildi<\/li>\n<li>Gucci, s\u00fcrd\u00fcr\u00fclebilirlik stratejisi do\u011frultusunda, \u015firket i\u00e7inde ve tedarik zincirinde Sosyal ve \u00c7evresel Sorumluluk standartlar\u0131na sayg\u0131y\u0131 garanti eder<\/li>\n<\/ul>","protected":false},"excerpt":{"rendered":"<div class=\"ProductDetailsText__StyledProductDescription-sc-40a2afcd-1 fHTIZA is-text-light\" data-testid=\"product-description\">Crafted from 925 sterling silver, the heart detail defines these earrings, a jewellery piece reflecting the House&#8217;s romantic narrative. The Gucci trademark further enhances the accessory.<\/div>","protected":false},"featured_media":1324,"template":"","meta":[],"product_brand":[],"product_cat":[28],"product_tag":[41],"class_list":{"0":"post-1322","1":"product","2":"type-product","3":"status-publish","4":"has-post-thumbnail","6":"product_cat-silver-jewelry","7":"product_tag-gucci-trademark","9":"first","10":"instock","11":"shipping-taxable","12":"purchasable","13":"product-type-simple"},"_links":{"self":[{"href":"https:\/\/tektastrend.com\/tr\/wp-json\/wp\/v2\/product\/1322","targetHints":{"allow":["GET"]}}],"collection":[{"href":"https:\/\/tektastrend.com\/tr\/wp-json\/wp\/v2\/product"}],"about":[{"href":"https:\/\/tektastrend.com\/tr\/wp-json\/wp\/v2\/types\/product"}],"wp:featuredmedia":[{"embeddable":true,"href":"https:\/\/tektastrend.com\/tr\/wp-json\/wp\/v2\/media\/1324"}],"wp:attachment":[{"href":"https:\/\/tektastrend.com\/tr\/wp-json\/wp\/v2\/media?parent=1322"}],"wp:term":[{"taxonomy":"product_brand","embeddable":true,"href":"https:\/\/tektastrend.com\/tr\/wp-json\/wp\/v2\/product_brand?post=1322"},{"taxonomy":"product_cat","embeddable":true,"href":"https:\/\/tektastrend.com\/tr\/wp-json\/wp\/v2\/product_cat?post=1322"},{"taxonomy":"product_tag","embeddable":true,"href":"https:\/\/tektastrend.com\/tr\/wp-json\/wp\/v2\/product_tag?post=1322"}],"curies":[{"name":"wp","href":"https:\/\/api.w.org\/{rel}","templated":true}]}}