{"id":255,"date":"2023-08-08T13:34:54","date_gmt":"2023-08-08T10:34:54","guid":{"rendered":"https:\/\/tektastrend.com\/?post_type=product&#038;p=255"},"modified":"2026-02-11T15:29:39","modified_gmt":"2026-02-11T12:29:39","slug":"gucci-dive-watch-40mm-2","status":"publish","type":"product","link":"https:\/\/tektastrend.com\/tr\/urun\/gucci-dive-watch-40mm-2\/","title":{"rendered":"GUCCI DIVE WATCH, 40MM"},"content":{"rendered":"<ul>\n<li>40 mm \u00e7elik kasa, ar\u0131l\u0131 g\u00fcm\u00fc\u015f kadran, 18 ayar sar\u0131 alt\u0131n pvd bezel, \u00e7elik bilezik<\/li>\n<li>Yans\u0131ma \u00f6nleyici safir cam<\/li>\n<li>1 Mart 2022'den sonra sat\u0131n al\u0131nan Gucci saatlerin garanti sertifikalar\u0131 yaln\u0131zca \u00e7evrimi\u00e7i olarak mevcuttur.<\/li>\n<li>Sertifikan\u0131z\u0131 buradan indirin; <a href=\"https:\/\/watchwarranty.gucci.com\/\" rel=\"nofollow noopener\" target=\"_blank\">https:\/\/watchwarranty.gucci.com <\/a>saatinizin arkas\u0131na kaz\u0131nm\u0131\u015f seri numaras\u0131n\u0131 kullan\u0131n.<\/li>\n<li>30 ATM (990 fit\/300 metre)<\/li>\n<li>G\u00fc\u00e7 rezervi: 38 saat<\/li>\n<li>Otomatik hareket<\/li>\n<li>4,3\" ila 7,5\" aras\u0131 bilek \u00f6l\u00e7\u00fcs\u00fc<\/li>\n<li>YA136357<\/li>\n<li>\u0130svi\u00e7re Yap\u0131m\u0131<\/li>\n<\/ul>","protected":false},"excerpt":{"rendered":"<p>Tan\u0131nm\u0131\u015f Gucci Dive saati, simgesel Gucci kodlar\u0131n\u0131 yeni yollarla ke\u015ffetmeye devam ediyor. Tarihi bir Gucci sembol\u00fc olan ar\u0131, saatin \u00fczerinde ince bir detay olarak g\u00f6r\u00fcn\u00fcr. G\u00fcm\u00fc\u015f kadranla tasarlanan saat, alt\u0131n pvd bezel ve \u00e7elik bilezikle tamamlan\u0131yor.<\/p>","protected":false},"featured_media":260,"template":"","meta":[],"product_brand":[],"product_cat":[16],"product_tag":[24],"class_list":{"0":"post-255","1":"product","2":"type-product","3":"status-publish","4":"has-post-thumbnail","6":"product_cat-timepieces","7":"product_tag-dive","9":"first","10":"instock","11":"shipping-taxable","12":"purchasable","13":"product-type-simple"},"_links":{"self":[{"href":"https:\/\/tektastrend.com\/tr\/wp-json\/wp\/v2\/product\/255","targetHints":{"allow":["GET"]}}],"collection":[{"href":"https:\/\/tektastrend.com\/tr\/wp-json\/wp\/v2\/product"}],"about":[{"href":"https:\/\/tektastrend.com\/tr\/wp-json\/wp\/v2\/types\/product"}],"wp:featuredmedia":[{"embeddable":true,"href":"https:\/\/tektastrend.com\/tr\/wp-json\/wp\/v2\/media\/260"}],"wp:attachment":[{"href":"https:\/\/tektastrend.com\/tr\/wp-json\/wp\/v2\/media?parent=255"}],"wp:term":[{"taxonomy":"product_brand","embeddable":true,"href":"https:\/\/tektastrend.com\/tr\/wp-json\/wp\/v2\/product_brand?post=255"},{"taxonomy":"product_cat","embeddable":true,"href":"https:\/\/tektastrend.com\/tr\/wp-json\/wp\/v2\/product_cat?post=255"},{"taxonomy":"product_tag","embeddable":true,"href":"https:\/\/tektastrend.com\/tr\/wp-json\/wp\/v2\/product_tag?post=255"}],"curies":[{"name":"wp","href":"https:\/\/api.w.org\/{rel}","templated":true}]}}