{"id":678,"date":"2023-09-07T16:41:27","date_gmt":"2023-09-07T13:41:27","guid":{"rendered":"https:\/\/tektastrend.com\/?post_type=product&#038;p=678"},"modified":"2026-02-11T15:27:55","modified_gmt":"2026-02-11T12:27:55","slug":"ya1265034","status":"publish","type":"product","link":"https:\/\/tektastrend.com\/tr\/urun\/ya1265034\/","title":{"rendered":"G-TIMELESS WATCH WITH BEES, 32 MM"},"content":{"rendered":"<ul class=\"StyledComponents__StyledList-sc-1iammsh-0 XbmeK is-text-s-book\">\n<li>32mm steel case, black onyx stone dial with bees, steel bracelet<\/li>\n<li>Yans\u0131ma \u00f6nleyici safir cam<\/li>\n<li>1 Mart 2022'den sonra sat\u0131n al\u0131nan Gucci saatlerin garanti sertifikalar\u0131 yaln\u0131zca \u00e7evrimi\u00e7i olarak mevcuttur.<\/li>\n<li>Sertifikan\u0131z\u0131 buradan indirin; &lt;a href=&quot;\/tr\/&rdquo;https:\/\/watchwarranty.gucci.com\/&rdquo;\/&quot; style=&quot;&rdquo;text-decoration:&quot; underline; colour: #000&Prime;&gt;https:\/\/watchwarranty.gucci.com&lt;\/a&gt; saatinizin arkas\u0131na kaz\u0131nm\u0131\u015f seri numaras\u0131n\u0131 kullan\u0131n.<\/li>\n<li>5 ATM (160 feet\/50 metres)<\/li>\n<li>Kuvars hareketi<\/li>\n<li>Wrist size from 135mm to 185mm<\/li>\n<li>YA1265034<\/li>\n<li>\u0130svi\u00e7re Yap\u0131m\u0131<\/li>\n<\/ul>","protected":false},"excerpt":{"rendered":"<div class=\"ProductDetailsText__StyledProductDescription-sc-72m98n-1 ebxOXY is-text-light\" data-testid=\"product-description\">The Gucci bee, a historical symbol from the &#8217;70s archives, is combined with an onyx stone dial and steel bracelet. The G-Timeless collection combines classic design details with a contemporary aesthetic to create elevated watches with a timeless feel.<\/div>","protected":false},"featured_media":679,"template":"","meta":[],"product_brand":[],"product_cat":[16],"product_tag":[22],"class_list":{"0":"post-678","1":"product","2":"type-product","3":"status-publish","4":"has-post-thumbnail","6":"product_cat-timepieces","7":"product_tag-g-timeless","9":"first","10":"instock","11":"shipping-taxable","12":"purchasable","13":"product-type-simple"},"_links":{"self":[{"href":"https:\/\/tektastrend.com\/tr\/wp-json\/wp\/v2\/product\/678","targetHints":{"allow":["GET"]}}],"collection":[{"href":"https:\/\/tektastrend.com\/tr\/wp-json\/wp\/v2\/product"}],"about":[{"href":"https:\/\/tektastrend.com\/tr\/wp-json\/wp\/v2\/types\/product"}],"wp:featuredmedia":[{"embeddable":true,"href":"https:\/\/tektastrend.com\/tr\/wp-json\/wp\/v2\/media\/679"}],"wp:attachment":[{"href":"https:\/\/tektastrend.com\/tr\/wp-json\/wp\/v2\/media?parent=678"}],"wp:term":[{"taxonomy":"product_brand","embeddable":true,"href":"https:\/\/tektastrend.com\/tr\/wp-json\/wp\/v2\/product_brand?post=678"},{"taxonomy":"product_cat","embeddable":true,"href":"https:\/\/tektastrend.com\/tr\/wp-json\/wp\/v2\/product_cat?post=678"},{"taxonomy":"product_tag","embeddable":true,"href":"https:\/\/tektastrend.com\/tr\/wp-json\/wp\/v2\/product_tag?post=678"}],"curies":[{"name":"wp","href":"https:\/\/api.w.org\/{rel}","templated":true}]}}