{"id":713,"date":"2023-09-07T17:51:39","date_gmt":"2023-09-07T14:51:39","guid":{"rendered":"https:\/\/tektastrend.com\/?post_type=product&#038;p=713"},"modified":"2026-02-11T15:19:48","modified_gmt":"2026-02-11T12:19:48","slug":"ya142301","status":"publish","type":"product","link":"https:\/\/tektastrend.com\/tr\/urun\/ya142301\/","title":{"rendered":"GG2570 WATCH, 41MM"},"content":{"rendered":"<ul>\n<li>Steel case with black sun-brushed dial, steel bracelet<\/li>\n<li>1 Mart 2022'den sonra sat\u0131n al\u0131nan Gucci saatlerin garanti sertifikalar\u0131 yaln\u0131zca \u00e7evrimi\u00e7i olarak mevcuttur.<\/li>\n<li>Sertifikan\u0131z\u0131 buradan indirin; <a href=\"https:\/\/watchwarranty.gucci.com\/\" rel=\"nofollow noopener\" target=\"_blank\">https:\/\/watchwarranty.gucci.com<\/a> saatinizin arkas\u0131na kaz\u0131nm\u0131\u015f seri numaras\u0131n\u0131 kullan\u0131n.<\/li>\n<li>Kuvars hareketi<\/li>\n<li>Water resistance: 10 ATM (330 feet\/100 metres)<\/li>\n<li>Wrist size adjustable from 149mm to 207mm<\/li>\n<li>YA142301<\/li>\n<li>\u0130svi\u00e7re Yap\u0131m\u0131<\/li>\n<\/ul>","protected":false},"excerpt":{"rendered":"<p>Featuring a geometric design with a 1970s influence, this watch is completed with a brushed and polished squared-off stainless steel bezel, giving the style a sporty feel.<\/p>","protected":false},"featured_media":714,"template":"","meta":[],"product_brand":[],"product_cat":[16],"product_tag":[],"class_list":{"0":"post-713","1":"product","2":"type-product","3":"status-publish","4":"has-post-thumbnail","6":"product_cat-timepieces","8":"first","9":"instock","10":"shipping-taxable","11":"purchasable","12":"product-type-simple"},"_links":{"self":[{"href":"https:\/\/tektastrend.com\/tr\/wp-json\/wp\/v2\/product\/713","targetHints":{"allow":["GET"]}}],"collection":[{"href":"https:\/\/tektastrend.com\/tr\/wp-json\/wp\/v2\/product"}],"about":[{"href":"https:\/\/tektastrend.com\/tr\/wp-json\/wp\/v2\/types\/product"}],"wp:featuredmedia":[{"embeddable":true,"href":"https:\/\/tektastrend.com\/tr\/wp-json\/wp\/v2\/media\/714"}],"wp:attachment":[{"href":"https:\/\/tektastrend.com\/tr\/wp-json\/wp\/v2\/media?parent=713"}],"wp:term":[{"taxonomy":"product_brand","embeddable":true,"href":"https:\/\/tektastrend.com\/tr\/wp-json\/wp\/v2\/product_brand?post=713"},{"taxonomy":"product_cat","embeddable":true,"href":"https:\/\/tektastrend.com\/tr\/wp-json\/wp\/v2\/product_cat?post=713"},{"taxonomy":"product_tag","embeddable":true,"href":"https:\/\/tektastrend.com\/tr\/wp-json\/wp\/v2\/product_tag?post=713"}],"curies":[{"name":"wp","href":"https:\/\/api.w.org\/{rel}","templated":true}]}}