{"id":747,"date":"2023-09-08T11:44:33","date_gmt":"2023-09-08T08:44:33","guid":{"rendered":"https:\/\/tektastrend.com\/?post_type=product&#038;p=747"},"modified":"2026-02-11T15:07:40","modified_gmt":"2026-02-11T12:07:40","slug":"gucci-25h-watch-34mm-5","status":"publish","type":"product","link":"https:\/\/tektastrend.com\/tr\/urun\/gucci-25h-watch-34mm-5\/","title":{"rendered":"GUCCI 25H WATCH, 34MM"},"content":{"rendered":"<ul>\n<li>34mm stainless steel and 18k yellow gold plated multi-layered case, golden brass dial with Interlocking G motif, five link stainless steel bracelet<\/li>\n<li>1 Mart 2022'den sonra sat\u0131n al\u0131nan Gucci saatlerin garanti sertifikalar\u0131 yaln\u0131zca \u00e7evrimi\u00e7i olarak mevcuttur.<\/li>\n<li>Sertifikan\u0131z\u0131 buradan indirin; <a href=\"https:\/\/watchwarranty.gucci.com\/\" rel=\"nofollow noopener\" target=\"_blank\">https:\/\/watchwarranty.gucci.com<\/a> saatinizin arkas\u0131na kaz\u0131nm\u0131\u015f seri numaras\u0131n\u0131 kullan\u0131n.<\/li>\n<li>3 ATM (30 metre\/98 fit)<\/li>\n<li>Yans\u0131ma \u00f6nleyici safir cam<\/li>\n<li>Kuvars hareketi<\/li>\n<li>110 ila 175 mm aras\u0131 bilek \u00f6l\u00e7\u00fcs\u00fc<\/li>\n<li>YA163403<\/li>\n<li>\u0130svi\u00e7re Yap\u0131m\u0131<\/li>\n<\/ul>","protected":false},"excerpt":{"rendered":"<p>The GUCCI 25H&#8217;s streamlined silhouette was inspired by the sleek forms of contemporary architecture. The watch is presented with a gold-plated multi-layered case and five-link steel bracelet. The golden brass dial is completed with the Interlocking G motif. The name, GUCCI 25H, is attributed to a particularly symbolic talisman.<\/p>","protected":false},"featured_media":748,"template":"","meta":[],"product_brand":[],"product_cat":[16],"product_tag":[23],"class_list":{"0":"post-747","1":"product","2":"type-product","3":"status-publish","4":"has-post-thumbnail","6":"product_cat-timepieces","7":"product_tag-25h","9":"first","10":"instock","11":"shipping-taxable","12":"purchasable","13":"product-type-simple"},"_links":{"self":[{"href":"https:\/\/tektastrend.com\/tr\/wp-json\/wp\/v2\/product\/747","targetHints":{"allow":["GET"]}}],"collection":[{"href":"https:\/\/tektastrend.com\/tr\/wp-json\/wp\/v2\/product"}],"about":[{"href":"https:\/\/tektastrend.com\/tr\/wp-json\/wp\/v2\/types\/product"}],"wp:featuredmedia":[{"embeddable":true,"href":"https:\/\/tektastrend.com\/tr\/wp-json\/wp\/v2\/media\/748"}],"wp:attachment":[{"href":"https:\/\/tektastrend.com\/tr\/wp-json\/wp\/v2\/media?parent=747"}],"wp:term":[{"taxonomy":"product_brand","embeddable":true,"href":"https:\/\/tektastrend.com\/tr\/wp-json\/wp\/v2\/product_brand?post=747"},{"taxonomy":"product_cat","embeddable":true,"href":"https:\/\/tektastrend.com\/tr\/wp-json\/wp\/v2\/product_cat?post=747"},{"taxonomy":"product_tag","embeddable":true,"href":"https:\/\/tektastrend.com\/tr\/wp-json\/wp\/v2\/product_tag?post=747"}],"curies":[{"name":"wp","href":"https:\/\/api.w.org\/{rel}","templated":true}]}}