{"id":751,"date":"2023-09-08T11:50:16","date_gmt":"2023-09-08T08:50:16","guid":{"rendered":"https:\/\/tektastrend.com\/?post_type=product&#038;p=751"},"modified":"2026-02-11T15:06:59","modified_gmt":"2026-02-11T12:06:59","slug":"gucci-25h-watch-38mm-3","status":"publish","type":"product","link":"https:\/\/tektastrend.com\/tr\/urun\/gucci-25h-watch-38mm-3\/","title":{"rendered":"GUCCI 25H WATCH, 38MM"},"content":{"rendered":"<ul>\n<li>38mm stainless steel multi layered case, white dial with Interlocking G motif and pink coloured glass, five links stainless steel bracelet<\/li>\n<li>Anti reflective sapphire with pink colour treatment<\/li>\n<li>1 Mart 2022'den sonra sat\u0131n al\u0131nan Gucci saatlerin garanti sertifikalar\u0131 yaln\u0131zca \u00e7evrimi\u00e7i olarak mevcuttur.<\/li>\n<li>Sertifikan\u0131z\u0131 buradan indirin; <a href=\"https:\/\/watchwarranty.gucci.com\/\" rel=\"nofollow noopener\" target=\"_blank\">https:\/\/watchwarranty.gucci.com<\/a> saatinizin arkas\u0131na kaz\u0131nm\u0131\u015f seri numaras\u0131n\u0131 kullan\u0131n.<\/li>\n<li>3 ATM (30 metre\/98 fit)<\/li>\n<li>Kuvars hareketi<\/li>\n<li>Wrist size from 120mm to 195mm<\/li>\n<li>YA163410<\/li>\n<li>\u0130svi\u00e7re Yap\u0131m\u0131<\/li>\n<\/ul>","protected":false},"excerpt":{"rendered":"<p>The GUCCI 25H&#8217;s streamlined silhouette was inspired by the sleek forms of contemporary architecture. The watch is presented with a thin multi-layer case and five-link steel bracelet, while the design is completed by pink glass and an Interlocking G motif. The name, GUCCI 25H, is attributed to a particularly symbolic talisman.<\/p>","protected":false},"featured_media":1067,"template":"","meta":[],"product_brand":[],"product_cat":[16],"product_tag":[23],"class_list":{"0":"post-751","1":"product","2":"type-product","3":"status-publish","4":"has-post-thumbnail","6":"product_cat-timepieces","7":"product_tag-25h","9":"first","10":"instock","11":"shipping-taxable","12":"purchasable","13":"product-type-simple"},"_links":{"self":[{"href":"https:\/\/tektastrend.com\/tr\/wp-json\/wp\/v2\/product\/751","targetHints":{"allow":["GET"]}}],"collection":[{"href":"https:\/\/tektastrend.com\/tr\/wp-json\/wp\/v2\/product"}],"about":[{"href":"https:\/\/tektastrend.com\/tr\/wp-json\/wp\/v2\/types\/product"}],"wp:featuredmedia":[{"embeddable":true,"href":"https:\/\/tektastrend.com\/tr\/wp-json\/wp\/v2\/media\/1067"}],"wp:attachment":[{"href":"https:\/\/tektastrend.com\/tr\/wp-json\/wp\/v2\/media?parent=751"}],"wp:term":[{"taxonomy":"product_brand","embeddable":true,"href":"https:\/\/tektastrend.com\/tr\/wp-json\/wp\/v2\/product_brand?post=751"},{"taxonomy":"product_cat","embeddable":true,"href":"https:\/\/tektastrend.com\/tr\/wp-json\/wp\/v2\/product_cat?post=751"},{"taxonomy":"product_tag","embeddable":true,"href":"https:\/\/tektastrend.com\/tr\/wp-json\/wp\/v2\/product_tag?post=751"}],"curies":[{"name":"wp","href":"https:\/\/api.w.org\/{rel}","templated":true}]}}