{"id":861,"date":"2023-09-15T10:49:13","date_gmt":"2023-09-15T07:49:13","guid":{"rendered":"https:\/\/tektastrend.com\/?post_type=product&#038;p=861"},"modified":"2026-02-11T14:51:09","modified_gmt":"2026-02-11T11:51:09","slug":"double-g-mother-of-pearl-necklace","status":"publish","type":"product","link":"https:\/\/tektastrend.com\/tr\/urun\/double-g-mother-of-pearl-necklace\/","title":{"rendered":"DOUBLE G \u0130NC\u0130 KOLYE"},"content":{"rendered":"<ul>\n<li>925 ayar g\u00fcm\u00fc\u015f<\/li>\n<li>Sedef, turkuaz renkli re\u00e7ine ve mavi topaz ta\u015flar\u0131<\/li>\n<li>Toka Kilidi<\/li>\n<li>15,5\" uzunluk 16,5\"e kadar ayarlanabilir<\/li>\n<li>Kolye: 0,6\u201d x 0,5\u201d<\/li>\n<li>\u0130talya'da \u00fcretildi<\/li>\n<li>Gucci, s\u00fcrd\u00fcr\u00fclebilirlik stratejisi do\u011frultusunda, \u015firket i\u00e7inde ve tedarik zincirinde Sosyal ve \u00c7evresel Sorumluluk standartlar\u0131na sayg\u0131y\u0131 garanti eder<\/li>\n<\/ul>","protected":false},"excerpt":{"rendered":"<p>House'un imza simgesinin ar\u015fivdeki bir kopyas\u0131 olan Double G, sedef, turkuaz renkli re\u00e7ine ve topaz ta\u015flar\u0131yla zenginle\u015ftirilmi\u015f 925 ayar g\u00fcm\u00fc\u015f bir kolyede as\u0131l\u0131 duruyor.<\/p>","protected":false},"featured_media":862,"template":"","meta":[],"product_brand":[],"product_cat":[28],"product_tag":[36,35],"class_list":{"0":"post-861","1":"product","2":"type-product","3":"status-publish","4":"has-post-thumbnail","6":"product_cat-silver-jewelry","7":"product_tag-gg-marmont","8":"product_tag-necklace","10":"first","11":"instock","12":"shipping-taxable","13":"purchasable","14":"product-type-simple"},"_links":{"self":[{"href":"https:\/\/tektastrend.com\/tr\/wp-json\/wp\/v2\/product\/861","targetHints":{"allow":["GET"]}}],"collection":[{"href":"https:\/\/tektastrend.com\/tr\/wp-json\/wp\/v2\/product"}],"about":[{"href":"https:\/\/tektastrend.com\/tr\/wp-json\/wp\/v2\/types\/product"}],"wp:featuredmedia":[{"embeddable":true,"href":"https:\/\/tektastrend.com\/tr\/wp-json\/wp\/v2\/media\/862"}],"wp:attachment":[{"href":"https:\/\/tektastrend.com\/tr\/wp-json\/wp\/v2\/media?parent=861"}],"wp:term":[{"taxonomy":"product_brand","embeddable":true,"href":"https:\/\/tektastrend.com\/tr\/wp-json\/wp\/v2\/product_brand?post=861"},{"taxonomy":"product_cat","embeddable":true,"href":"https:\/\/tektastrend.com\/tr\/wp-json\/wp\/v2\/product_cat?post=861"},{"taxonomy":"product_tag","embeddable":true,"href":"https:\/\/tektastrend.com\/tr\/wp-json\/wp\/v2\/product_tag?post=861"}],"curies":[{"name":"wp","href":"https:\/\/api.w.org\/{rel}","templated":true}]}}